{"id":536,"date":"2013-10-25T12:33:14","date_gmt":"2013-10-25T17:33:14","guid":{"rendered":"http:\/\/telelisting.us\/?page_id=536"},"modified":"2018-08-30T14:28:36","modified_gmt":"2018-08-30T18:28:36","slug":"prix-et-abonnements","status":"publish","type":"page","link":"https:\/\/telelisting.net\/fr\/prix-et-abonnements\/","title":{"rendered":"Prix et Abonnements"},"content":{"rendered":"<div class=\"well\">\n<ol class=\"sequence\">\n<li>\n<h3>1 utilisateur<\/h3>\n<h2>$295*<small>\/ann\u00e9e<\/small><\/h2>\n<h3><\/h3>\n<\/li>\n<li>\n<h3>5\u00a0utilisateurs<\/h3>\n<h2>$1,395*<small>\/ann\u00e9e<\/small><\/h2>\n<h6>$279 PAR UTILISATEUR<\/h6>\n<h3><\/h3>\n<\/li>\n<li>\n<h3>10\u00a0utilisateurs<\/h3>\n<h2>$1,995*<small>\/ann\u00e9e<\/small><\/h2>\n<h6>$199.50 PAR UTILISATEUR<\/h6>\n<\/li>\n<li>\n<h3>20 utilisateurs<\/h3>\n<h2>$2,495*<small>\/ann\u00e9e<\/small><\/h2>\n<h6>$124.75 par utilisateur<\/h6>\n<\/li>\n<li>\n<h3>Utilisateurs Illimit\u00e9s<\/h3>\n<h2>$5,999*<small>\/ann\u00e9e<\/small><\/h2>\n<h6><\/h6>\n<\/li>\n<\/ol>\n<div class=\"row\">\n<div class=\"span6\">\n<div class=\"inner-well ac\">\n<p class=\"ac\"><a class=\"btn btn-huge btn-success\" style=\"width: 50%;\" title=\"Register for Telelisting\" href=\"http:\/\/app.telelisting.net\/Buy?lang=fr\"><strong>Abonnez-vous<\/strong><small>Obtenez acc\u00e8s instantan\u00e9ment<\/small><\/a><\/p>\n<\/div>\n<\/div>\n<div class=\"span5\">\n<h3>Tous nos forfaits incluent:<\/h3>\n<ul class=\"pricing-includes\">\n<li>Support par courriel et t\u00e9l\u00e9phone<\/li>\n<li>Connexion s\u00e9curis\u00e9e (SSL)<\/li>\n<li>Nombre illimit\u00e9 de recherches<\/li>\n<li>15,000 cr\u00e9dits d&rsquo;exportation\/Impression (Excel, Mojo, SalesDialers) et validateur<\/li>\n<\/ul>\n<p style=\"font-size: 12px;\"><a href=\"mailto:info@telelisting.net\">Contactez-nous<\/a>\u00a0pour plus <strong>des plans plus importants.<\/strong><\/p>\n<\/div>\n<\/div>\n<\/div>\n<div class=\"row\">\n<div class=\"span6\">\n<h3>Quelles Sont Mes Options de Paiement?<\/h3>\n<p>Nous acceptions Visa et MasterCard via notre syst\u00e8me de paiement en ligne.<\/p>\n<\/div>\n<div class=\"span6\">\n<h3>Quel Navigateur Internet Puis-Je Utiliser Travaillant Avec Telelisting?<\/h3>\n<p>Nous supportons Internet Explorer 7 et plus haut, Firefox 3 et plus haut, Safari 4 et plus haut, Chrome 4 et plus haut.<\/p>\n<\/div>\n<\/div>\n<hr \/>\n<blockquote class=\"big-quote\">\n<h2>J&rsquo;utilise Telelisting depuis plus d&rsquo;un an et \u00e7a m&rsquo;a permis d&rsquo;obtenir des rendez-vous plus rapidement, car j&rsquo;ai sauv\u00e9 \u00e9norm\u00e9ment de temps de recherche qui devient une entrave importante lorsque le temps est si important. Il me fait plaisir de recommander ce site tr\u00e8s bien fait et le support t\u00e9l\u00e9phonique toujours rapide et courtois.<\/h2>\n<p><small>Josette Desmarais, Re\/Max<\/small><\/p><\/blockquote>\n<div class=\"well ac\">\n<h3>Des questions? Contactez-nous \u00e0\u00a0<a href=\"mailto:info@telelisting.net\">info@telelisting.net<\/a> ou au 1-866-531-2586<\/h3>\n<\/div>\n","protected":false},"excerpt":{"rendered":"<p>1 utilisateur $295*\/ann\u00e9e 5\u00a0utilisateurs $1,395*\/ann\u00e9e $279 PAR UTILISATEUR 10\u00a0utilisateurs $1,995*\/ann\u00e9e $199.50 PAR UTILISATEUR 20 utilisateurs $2,495*\/ann\u00e9e $124.75 par utilisateur Utilisateurs Illimit\u00e9s $5,999*\/ann\u00e9e Abonnez-vousObtenez acc\u00e8s instantan\u00e9ment Tous nos forfaits incluent: Support par courriel et t\u00e9l\u00e9phone Connexion s\u00e9curis\u00e9e (SSL) Nombre illimit\u00e9 de &hellip; <a href=\"https:\/\/telelisting.net\/fr\/prix-et-abonnements\/\">Suite<\/a><\/p>\n","protected":false},"author":3,"featured_media":0,"parent":0,"menu_order":0,"comment_status":"closed","ping_status":"closed","template":"page-full.php","meta":{"_monsterinsights_skip_tracking":false,"_monsterinsights_sitenote_active":false,"_monsterinsights_sitenote_note":"","_monsterinsights_sitenote_category":0,"footnotes":""},"class_list":["post-536","page","type-page","status-publish","hentry"],"_links":{"self":[{"href":"https:\/\/telelisting.net\/fr\/wp-json\/wp\/v2\/pages\/536","targetHints":{"allow":["GET"]}}],"collection":[{"href":"https:\/\/telelisting.net\/fr\/wp-json\/wp\/v2\/pages"}],"about":[{"href":"https:\/\/telelisting.net\/fr\/wp-json\/wp\/v2\/types\/page"}],"author":[{"embeddable":true,"href":"https:\/\/telelisting.net\/fr\/wp-json\/wp\/v2\/users\/3"}],"replies":[{"embeddable":true,"href":"https:\/\/telelisting.net\/fr\/wp-json\/wp\/v2\/comments?post=536"}],"version-history":[{"count":0,"href":"https:\/\/telelisting.net\/fr\/wp-json\/wp\/v2\/pages\/536\/revisions"}],"wp:attachment":[{"href":"https:\/\/telelisting.net\/fr\/wp-json\/wp\/v2\/media?parent=536"}],"curies":[{"name":"wp","href":"https:\/\/api.w.org\/{rel}","templated":true}]}}