{"id":534,"date":"2013-10-25T12:18:33","date_gmt":"2013-10-25T17:18:33","guid":{"rendered":"http:\/\/telelisting.us\/?page_id=534"},"modified":"2013-10-25T12:18:33","modified_gmt":"2013-10-25T17:18:33","slug":"maintenance-2","status":"publish","type":"page","link":"https:\/\/telelisting.net\/fr\/maintenance-2\/","title":{"rendered":"Maintenance"},"content":{"rendered":"<div class=\"container content\">\n<div class=\"row\">\n<div class=\"span12\">\n<h2 style=\"margin-bottom: 10px;\">Telelisting &#8211; nous effectuons pr\u00e9sentement une mise \u00e0 jour<\/h2>\n<p>Nous serons de retour lundi, 16 septemfre \u00e0 12:00 pm<\/p>\n<p>&nbsp;<\/p>\n<h2><\/h2>\n<\/div>\n<\/div>\n<\/div>\n","protected":false},"excerpt":{"rendered":"<p>Telelisting &#8211; nous effectuons pr\u00e9sentement une mise \u00e0 jour Nous serons de retour lundi, 16 septemfre \u00e0 12:00 pm &nbsp;<\/p>\n","protected":false},"author":3,"featured_media":0,"parent":0,"menu_order":0,"comment_status":"closed","ping_status":"open","template":"page-full.php","meta":{"_monsterinsights_skip_tracking":false,"_monsterinsights_sitenote_active":false,"_monsterinsights_sitenote_note":"","_monsterinsights_sitenote_category":0,"footnotes":""},"class_list":["post-534","page","type-page","status-publish","hentry"],"_links":{"self":[{"href":"https:\/\/telelisting.net\/fr\/wp-json\/wp\/v2\/pages\/534","targetHints":{"allow":["GET"]}}],"collection":[{"href":"https:\/\/telelisting.net\/fr\/wp-json\/wp\/v2\/pages"}],"about":[{"href":"https:\/\/telelisting.net\/fr\/wp-json\/wp\/v2\/types\/page"}],"author":[{"embeddable":true,"href":"https:\/\/telelisting.net\/fr\/wp-json\/wp\/v2\/users\/3"}],"replies":[{"embeddable":true,"href":"https:\/\/telelisting.net\/fr\/wp-json\/wp\/v2\/comments?post=534"}],"version-history":[{"count":0,"href":"https:\/\/telelisting.net\/fr\/wp-json\/wp\/v2\/pages\/534\/revisions"}],"wp:attachment":[{"href":"https:\/\/telelisting.net\/fr\/wp-json\/wp\/v2\/media?parent=534"}],"curies":[{"name":"wp","href":"https:\/\/api.w.org\/{rel}","templated":true}]}}