{"id":532,"date":"2013-10-25T12:17:04","date_gmt":"2013-10-25T17:17:04","guid":{"rendered":"http:\/\/telelisting.us\/?page_id=532"},"modified":"2013-11-20T18:25:45","modified_gmt":"2013-11-20T23:25:45","slug":"aide","status":"publish","type":"page","link":"https:\/\/telelisting.net\/fr\/aide\/","title":{"rendered":"Aide"},"content":{"rendered":"<div class=\"container content\">\n<div class=\"row\">\n<div class=\"span12\">\n<div class=\"page-header\" style=\"padding-bottom: 6px; margin: 0 0 18px;\">\n<h2>Vid\u00e9os Explicatifs<\/h2>\n<\/div>\n<p>Visionnez nos vid\u00e9os explicatifs afin de savoir comment utiliser Telelisting et trouver et g\u00e9rer vos prospects avec facilit\u00e9.<\/p>\n<p>&nbsp;<\/p>\n<div class=\"row\">\n<div class=\"span4\">\n<div class=\"well\" style=\"margin-top: 0;\">\n<p><a href=\"\/fr\/trouver-et-gerer-des-prospects-immobiliers\/\"><img decoding=\"async\" alt=\"Telelisting for Real Estate Agents\" src=\"\/wp-content\/assets\/screencast-thumb.jpg\" width=\"100%\" \/><\/a><\/p>\n<h4 class=\"ac\" style=\"margin-top: 10px;\">Telelisting pour agents de t\u00e9l\u00e9marketing<\/h4>\n<\/div>\n<\/div>\n<div class=\"span4\">\n<div class=\"well\" style=\"margin-top: 0;\">\n<p><a href=\"\/fr\/pour-courtiers-et-centre-dappels\/\"><img decoding=\"async\" alt=\"Telelisting for Brokers and Offices\" src=\"\/wp-content\/assets\/brokers-screencast-thumb.jpg\" width=\"100%\" \/><\/a><\/p>\n<h4 class=\"ac\" style=\"margin-top: 10px;\">Telelisting pour courtiers et centres d&rsquo;appels<\/h4>\n<\/div>\n<\/div>\n<\/div>\n<p>&nbsp;<\/p>\n<div class=\"page-header\" style=\"padding-bottom: 6px; margin: 0 0 18px;\">\n<h2>Par Courriel<\/h2>\n<\/div>\n<p>Envoyez-nous un courriel \u00e0\u00a0<a href=\"mailto:info@telelisting.net\"><strong>info@telelisting.net<\/strong><\/a>.<\/p>\n<p>Nous faisons de notre mieux pour vous r\u00e9pondre aussit\u00f4t que possible, habituellement en moins de 4 heures durant nos heures d&rsquo;ouverture qui sont de <strong>9h am \u00e0 5h pm, heure de l&rsquo;Est, du lundi au vendredi<\/strong>.<\/p>\n<p>&nbsp;<\/p>\n<div class=\"page-header\" style=\"padding-bottom: 6px;\">\n<h2>Par T\u00e9l\u00e9phone<\/h2>\n<\/div>\n<p>Appellez-nous au <strong>1-866-531-2586<\/strong>\u00a0entre\u00a0<strong>9h am \u00e0 5h pm, heure de l&rsquo;Est, du lundi au vendredi<\/strong>.<\/p>\n<p>&nbsp;<\/p>\n<div class=\"page-header\" style=\"padding-bottom: 6px;\">\n<h2>Besoin d&rsquo;Assistance \u00e0 Distance?<\/h2>\n<h3><\/h3>\n<\/div>\n<p>Nous pouvons vous aider avec notre outil d&rsquo;assistance \u00e0 distance facile \u00e0 utiliser. Simplement nous appeler au\u00a01-866-531-2586 et il nous fera plaisir de vous aider.<\/p>\n<h3>Pour Windows<\/h3>\n<p>T\u00e9l\u00e9chargez et ex\u00e9cutez\u00a0<a href=\"http:\/\/www.teamviewer.com\/download\/TeamViewerQS_en.exe\"><strong>TeamViewer for Windows<\/strong><\/a><\/p>\n<h3>Pour Mac<\/h3>\n<p>T\u00e9l\u00e9chargez et ex\u00e9cutez\u00a0<a href=\"http:\/\/www.teamviewer.com\/download\/TeamViewerQS.dmg\"><strong>TeamViewer for Mac<\/strong><\/a><\/p>\n<p>&nbsp;<\/p>\n<\/div>\n<\/div>\n<\/div>\n","protected":false},"excerpt":{"rendered":"<p>Vid\u00e9os Explicatifs Visionnez nos vid\u00e9os explicatifs afin de savoir comment utiliser Telelisting et trouver et g\u00e9rer vos prospects avec facilit\u00e9. &nbsp; Telelisting pour agents de t\u00e9l\u00e9marketing Telelisting pour courtiers et centres d&rsquo;appels &nbsp; Par Courriel Envoyez-nous un courriel \u00e0\u00a0info@telelisting.net. Nous &hellip; <a href=\"https:\/\/telelisting.net\/fr\/aide\/\">Suite<\/a><\/p>\n","protected":false},"author":3,"featured_media":0,"parent":0,"menu_order":0,"comment_status":"closed","ping_status":"open","template":"page-full.php","meta":{"_monsterinsights_skip_tracking":false,"_monsterinsights_sitenote_active":false,"_monsterinsights_sitenote_note":"","_monsterinsights_sitenote_category":0,"footnotes":""},"class_list":["post-532","page","type-page","status-publish","hentry"],"_links":{"self":[{"href":"https:\/\/telelisting.net\/fr\/wp-json\/wp\/v2\/pages\/532","targetHints":{"allow":["GET"]}}],"collection":[{"href":"https:\/\/telelisting.net\/fr\/wp-json\/wp\/v2\/pages"}],"about":[{"href":"https:\/\/telelisting.net\/fr\/wp-json\/wp\/v2\/types\/page"}],"author":[{"embeddable":true,"href":"https:\/\/telelisting.net\/fr\/wp-json\/wp\/v2\/users\/3"}],"replies":[{"embeddable":true,"href":"https:\/\/telelisting.net\/fr\/wp-json\/wp\/v2\/comments?post=532"}],"version-history":[{"count":0,"href":"https:\/\/telelisting.net\/fr\/wp-json\/wp\/v2\/pages\/532\/revisions"}],"wp:attachment":[{"href":"https:\/\/telelisting.net\/fr\/wp-json\/wp\/v2\/media?parent=532"}],"curies":[{"name":"wp","href":"https:\/\/api.w.org\/{rel}","templated":true}]}}