{"id":511,"date":"2013-10-25T11:03:31","date_gmt":"2013-10-25T16:03:31","guid":{"rendered":"http:\/\/telelisting.us\/?page_id=511"},"modified":"2018-02-12T13:37:08","modified_gmt":"2018-02-12T17:37:08","slug":"a-propos","status":"publish","type":"page","link":"https:\/\/telelisting.net\/fr\/a-propos\/","title":{"rendered":"\u00c0 Propos"},"content":{"rendered":"<div class=\"container content\">\n<div class=\"row\">\n<div class=\"span12\">\n<h2 style=\"margin-bottom: 10px;\">L&rsquo;histoire de Telelisting<\/h2>\n<p>Telelisting offre une multitude d&rsquo;outils de sollicitation cr\u00e9\u00e9s pour les courtiers immobiliers, banni\u00e8res immobili\u00e8res, courtiers d&rsquo;assurances, courtiers en investissement, etc. Nos produits sont utilis\u00e9s par plus de 30,000 clients satisfaits, au Canada. Vous \u00eates invit\u00e9 \u00e0 visiter notre site afin de d\u00e9couvrir comment nos outils peuvent contribuer \u00e0 votre succ\u00e8s.<\/p>\n<p>&nbsp;<\/p>\n<h2>Nos Clients Adorent nos Produits!<\/h2>\n<hr \/>\n<blockquote class=\"big-quote\">\n<h3>J&rsquo;utilise Telelisting depuis les derni\u00e8res ann\u00e9es et il a \u00e9t\u00e9 un excellent outil qui a aid\u00e9 \u00e0 faire cro\u00eetre mes affaires. Il fait toutes les recherches pour moi ce qui consiste en un excellent gain de temps et me permet de me concentrer sur mes ventes.<\/h3>\n<p><small>Joseph Santander, Re\/Max<\/small><\/p><\/blockquote>\n<hr \/>\n<blockquote class=\"big-quote\">\n<h3>La recherche de clients potentiels, pour un courtier immobilier, est \u00e0 la base de son succ\u00e8s. Cette d\u00e9marche peut parfois \u00eatre tr\u00e8s longue et fastidieuse, si nous n&rsquo;avons pas les bons outils. Telelisting vient nous simplifier de beaucoup la vie \u00e0 un court plus qu&rsquo;abordable! Merci encore Telelisting.<\/h3>\n<p><small>\u00c9ric L\u00e9ger, Sutton<\/small><\/p><\/blockquote>\n<hr \/>\n<blockquote class=\"big-quote\">\n<h3>J&rsquo;utilise Telelisting depuis plus d&rsquo;un an et \u00e7a m&rsquo;a permis d&rsquo;obtenir des rendez-vous plus rapidement, car j&rsquo;ai sauv\u00e9 \u00e9norm\u00e9ment de temps de recherche qui devient une entrave important lorsque le temps est si important. Il me fait plaisir de recommander ce site tr\u00e8s bien fait et le support t\u00e9l\u00e9phonique est toujours rapide et courtois.<\/h3>\n<p><small>Josette Desmarais, Re\/Max<\/small><\/p><\/blockquote>\n<p>&nbsp;<\/p>\n<div class=\"well ac\">\n<h3>Contactez-nous \u00e0\u00a0<a href=\"mailto:info@telelisting.net\">info@telelisting.net<\/a> ou 1-866-531-2586<\/h3>\n<\/div>\n<\/div>\n<\/div>\n<\/div>\n","protected":false},"excerpt":{"rendered":"<p>L&rsquo;histoire de Telelisting Telelisting offre une multitude d&rsquo;outils de sollicitation cr\u00e9\u00e9s pour les courtiers immobiliers, banni\u00e8res immobili\u00e8res, courtiers d&rsquo;assurances, courtiers en investissement, etc. Nos produits sont utilis\u00e9s par plus de 30,000 clients satisfaits, au Canada. Vous \u00eates invit\u00e9 \u00e0 visiter &hellip; <a href=\"https:\/\/telelisting.net\/fr\/a-propos\/\">Suite<\/a><\/p>\n","protected":false},"author":3,"featured_media":0,"parent":0,"menu_order":0,"comment_status":"closed","ping_status":"open","template":"page-full.php","meta":{"_monsterinsights_skip_tracking":false,"_monsterinsights_sitenote_active":false,"_monsterinsights_sitenote_note":"","_monsterinsights_sitenote_category":0,"footnotes":""},"class_list":["post-511","page","type-page","status-publish","hentry"],"_links":{"self":[{"href":"https:\/\/telelisting.net\/fr\/wp-json\/wp\/v2\/pages\/511","targetHints":{"allow":["GET"]}}],"collection":[{"href":"https:\/\/telelisting.net\/fr\/wp-json\/wp\/v2\/pages"}],"about":[{"href":"https:\/\/telelisting.net\/fr\/wp-json\/wp\/v2\/types\/page"}],"author":[{"embeddable":true,"href":"https:\/\/telelisting.net\/fr\/wp-json\/wp\/v2\/users\/3"}],"replies":[{"embeddable":true,"href":"https:\/\/telelisting.net\/fr\/wp-json\/wp\/v2\/comments?post=511"}],"version-history":[{"count":0,"href":"https:\/\/telelisting.net\/fr\/wp-json\/wp\/v2\/pages\/511\/revisions"}],"wp:attachment":[{"href":"https:\/\/telelisting.net\/fr\/wp-json\/wp\/v2\/media?parent=511"}],"curies":[{"name":"wp","href":"https:\/\/api.w.org\/{rel}","templated":true}]}}