{"id":506,"date":"2013-10-25T09:48:03","date_gmt":"2013-10-25T14:48:03","guid":{"rendered":"http:\/\/telelisting.us\/?page_id=506"},"modified":"2013-11-19T11:44:15","modified_gmt":"2013-11-19T16:44:15","slug":"programme-de-referencement","status":"publish","type":"page","link":"https:\/\/telelisting.net\/fr\/programme-de-referencement\/","title":{"rendered":"Programme de R\u00e9f\u00e9rencement"},"content":{"rendered":"<div class=\"container content\">\n<div class=\"row\">\n<div class=\"span12\">\n<p>Le programme de r\u00e9f\u00e9rencement de Telelisting est une excellente opportunit\u00e9 de promouvoir Telelisting et de gagner de l&rsquo;argent. Gagnez 25% du prix net pour chaque nouvel abonnement de nouveaux abonn\u00e9s que vous avez r\u00e9f\u00e9r\u00e9 \u00e0 Telelisting.<\/p>\n<p>&nbsp;<\/p>\n<h2 style=\"margin-bottom: 10px;\">Comment?<\/h2>\n<p>Simplement en vous abonnant \u00e0 Telelisting. Nous vous assignerons un code de rabais unique de 20% que vous pourrez partager avec vos amis et coll\u00e8gues de travail en utilisant un code URL unique que Telelisting vous fournira. Envoy\u00e9 le lien par courriel \u00e0 vos amis ou publiez-le sur votre site internet afin de les rediriger sur Telelisting. Lorsque vos coll\u00e8gues utiliseront votre lien, ils obtiendront un rabais de 20% sur leur premier abonnement et vous gagnerez 25% du prix net en commission sur chaque nouvel abonnement Telelisting.<\/p>\n<p>&nbsp;<\/p>\n<h2 style=\"margin-bottom: 10px;\">Gagnez de l&rsquo;Argent!<\/h2>\n<p>La plupart d&rsquo;entre vous travaillent dans des bureaux avec des centaines de coll\u00e8gues. Soyez le premier \u00e0 partager votre code de rabais Telelisting et vous pourrez gagner plusieurs milliers de dollars.<\/p>\n<p>&nbsp;<\/p>\n<p><a class=\"btn btn-large btn-success\" title=\"Start sharing now, and earn money!\" href=\"http:\/\/app.telelisting.net\/Buy?lang=fr\"><strong>Commencez \u00e0 partager d\u00e8s maintenant et gagnez de l&rsquo;argent!<\/strong><\/a><\/p>\n<p>&nbsp;<\/p>\n<div class=\"well ac\">\n<h3><a href=\"\/fr\/visite-guidee\/\">Faites la visite guid\u00e9e<\/a>, <a href=\"\/fr\/prix-et-abonnements\">voyez nos tarifs<\/a> \u2192<\/h3>\n<\/div>\n<\/div>\n<\/div>\n<\/div>\n","protected":false},"excerpt":{"rendered":"<p>Le programme de r\u00e9f\u00e9rencement de Telelisting est une excellente opportunit\u00e9 de promouvoir Telelisting et de gagner de l&rsquo;argent. Gagnez 25% du prix net pour chaque nouvel abonnement de nouveaux abonn\u00e9s que vous avez r\u00e9f\u00e9r\u00e9 \u00e0 Telelisting. &nbsp; Comment? Simplement en &hellip; <a href=\"https:\/\/telelisting.net\/fr\/programme-de-referencement\/\">Suite<\/a><\/p>\n","protected":false},"author":3,"featured_media":0,"parent":0,"menu_order":0,"comment_status":"closed","ping_status":"open","template":"page-full.php","meta":{"_monsterinsights_skip_tracking":false,"_monsterinsights_sitenote_active":false,"_monsterinsights_sitenote_note":"","_monsterinsights_sitenote_category":0,"footnotes":""},"class_list":["post-506","page","type-page","status-publish","hentry"],"_links":{"self":[{"href":"https:\/\/telelisting.net\/fr\/wp-json\/wp\/v2\/pages\/506","targetHints":{"allow":["GET"]}}],"collection":[{"href":"https:\/\/telelisting.net\/fr\/wp-json\/wp\/v2\/pages"}],"about":[{"href":"https:\/\/telelisting.net\/fr\/wp-json\/wp\/v2\/types\/page"}],"author":[{"embeddable":true,"href":"https:\/\/telelisting.net\/fr\/wp-json\/wp\/v2\/users\/3"}],"replies":[{"embeddable":true,"href":"https:\/\/telelisting.net\/fr\/wp-json\/wp\/v2\/comments?post=506"}],"version-history":[{"count":0,"href":"https:\/\/telelisting.net\/fr\/wp-json\/wp\/v2\/pages\/506\/revisions"}],"wp:attachment":[{"href":"https:\/\/telelisting.net\/fr\/wp-json\/wp\/v2\/media?parent=506"}],"curies":[{"name":"wp","href":"https:\/\/api.w.org\/{rel}","templated":true}]}}