{"id":500,"date":"2013-10-24T14:55:03","date_gmt":"2013-10-24T19:55:03","guid":{"rendered":"http:\/\/telelisting.us\/?page_id=500"},"modified":"2024-01-31T16:51:12","modified_gmt":"2024-01-31T20:51:12","slug":"visite-guidee","status":"publish","type":"page","link":"https:\/\/telelisting.net\/fr\/visite-guidee\/","title":{"rendered":"Visite guid\u00e9e"},"content":{"rendered":"<div class=\"container content\">\n<div class=\"row\">\n<div class=\"span6\">\n<div class=\"well\" style=\"margin-top: 20px;\">\n<h2 class=\"ac\" style=\"margin-bottom: 10px;\">Telelisting pour un utilisateur<\/h2>\n<p class=\"ac\"><a href=\"\/fr\/trouver-et-gerer-des-prospects-immobiliers\/\"><img decoding=\"async\" src=\"\/wp-content\/assets\/screencast-thumb.jpg\" alt=\"Telelisting for Real Estate Agents\" width=\"460px\" height=\"260px\" \/><\/a><\/p>\n<\/div>\n<\/div>\n<div class=\"span6\">\n<div class=\"well\" style=\"margin-top: 20px;\">\n<h2 class=\"ac\" style=\"margin-bottom: 10px;\">Telelisting pour Agence et centres d&rsquo;appels<\/h2>\n<p class=\"ac\"><a href=\"\/fr\/pour-courtiers-et-centre-dappels\/\"><img decoding=\"async\" src=\"\/wp-content\/assets\/brokers-screencast-thumb.jpg\" alt=\"Telelisting for Brokers and Offices\" width=\"460px\" height=\"260px\" \/><\/a><\/p>\n<\/div>\n<\/div>\n<\/div>\n<div class=\"row\">\n<div class=\"span6\">\n<div class=\"well\" style=\"margin-top: 20px;\">\n<h2 class=\"ac\" style=\"margin-bottom: 10px;\">Composeur Int\u00e9gr\u00e9<\/h2>\n<p class=\"ac\"><a href=\"\/fr\/telelisting-dialer\/\"><img decoding=\"async\" src=\"\/wp-content\/uploads\/dialer-e1705346822432.jpg\" alt=\"Composeur Int\u00e9gr\u00e9\" width=\"460px\" height=\"260px\" \/><\/a><\/p>\n<\/div>\n<\/div>\n<div class=\"span6\">\n<div class=\"well\" style=\"margin-top: 20px;\">\n<h2 class=\"ac\" style=\"margin-bottom: 10px;\">Qu\u00e9bec AVPP<\/h2>\n<p class=\"ac\"><a href=\"\/fr\/avpp\/\"><img decoding=\"async\" src=\"\/wp-content\/uploads\/FSBO--e1706734224231.jpg\" alt=\"Qu\u00e9bec AVPP width=\"460px\" height=\"260px\" \/><\/a><\/p>\n<\/div>\n<\/div>\n<\/div>\n<div class=\"alert alert-success\" style=\"margin: 20px 0 26px;\">\n<h2 class=\"ac\">Les courtiers immobiliers, conseillers en services financiers et autres agents de t\u00e9l\u00e9marketing g\u00e9n\u00e8rent plus de revenus avec nos outils de gestion de prospects.<\/h2>\n<\/div>\n<div class=\"row\">\n<div class=\"span6\">\n<h3>Outil de Gestion G\u00e9n\u00e9rateur de Prospects en Ligne<\/h3>\n<p>Optimisez votre prospection et g\u00e9rez vos activit\u00e9s de sollicitation \u00e0 la m\u00eame place. Utilisez l&rsquo;Annuaire T\u00e9l\u00e9phonique Telelisting filtr\u00e9 par votre Liste Nationale de Num\u00e9ros de T\u00e9l\u00e9phone Exclus (LNNTE) afin de cibler, trouver et finaliser plus de ventes. Telelisting est un programme en ligne accessible \u00e0 partir de n&rsquo;importe quel ordinateur ou outil comportant une connexion internet.<\/p>\n<p>Comme Telelisting est une application web, aucune installation n&rsquo;est requise. Vous b\u00e9n\u00e9ficierez de toutes nos mises \u00e0 jour et nous prendrons toujours soin de sauvegarder vos notes et enregistrements. Vous pouvez maintenant vous concentrer sur votre travail: la g\u00e9n\u00e9ration de nouveaux prospects!<\/p>\n<\/div>\n<div class=\"span6\">\n<p><img loading=\"lazy\" decoding=\"async\" style=\"border: 1px solid #CCC;\" src=\"\/wp-content\/assets\/tour\/online-lead-generation-and-management.jpg\" alt=\"\" width=\"460\" height=\"280\" \/><\/p>\n<\/div>\n<\/div>\n<hr \/>\n<div class=\"row\">\n<div class=\"span6\">\n<p><img loading=\"lazy\" decoding=\"async\" style=\"border: 1px solid #CCC;\" src=\"\/wp-content\/assets\/tour\/turn-your-recent-sales-into-new-wins.jpg\" alt=\"\" width=\"460\" height=\"280\" \/><\/p>\n<\/div>\n<div class=\"span6\">\n<h3>Transformez vos Ventes R\u00e9centes en Nouvelles Victoires!<\/h3>\n<p>Avec notre option de recherches Google Maps int\u00e9gr\u00e9, il est facile de promouvoir vos ventes r\u00e9centes. Sur notre de mode de recherche Google Maps, inscrivez l\u2019adresse de la propri\u00e9t\u00e9 que vous avez vendu et s\u00e9lectionnez-l\u00e0. Telelisting affichera tous les noms, adresses et num\u00e9ros de t\u00e9l\u00e9phone publi\u00e9 dans le secteur entourant cette propri\u00e9t\u00e9. Vous pouvez facilement les contacter pour les informer que vous avez des acheteurs qui magasinent dans leur secteur.<\/p>\n<p>Rafinez votre recherche encore plus en utilisant l\u2019outil s\u00e9lecteur sur la recherche par carte Telelisting. Cet outil vous permettra de s\u00e9lectionnez un secteur pr\u00e9cis, une rue ou encore un p\u00e2t\u00e9 de maison pour afin de d\u00e9terminer qui y habite.<\/p>\n<\/div>\n<\/div>\n<hr \/>\n<div class=\"row\">\n<div class=\"span6\">\n<h3>Int\u00e9gration &#8211; Excel, MojoSells, SalesDialer&#8230;<\/h3>\n<p>Chaque jour nos clients exploitent nos puissants engins de recherches \u00a0\u00e0 partir du Bottin Telelisting afin d\u2019obtenir leurs listes de clients potentiels. Une fois la liste obtenue, il ne reste qu\u2019\u00e0 s\u00e9lectionner \u00a0\u2018Action\u2019 et \u2018Exporter vers Excel\u2019 pour ainsi transf\u00e9rer et formater la listes sur Excel. Ainsi les listes peuvent \u00eatre import\u00e9es vers un autre outil g\u00e9n\u00e9rateur de prospect.<\/p>\n<p>De plus, acc\u00e9l\u00e9rer vos activit\u00e9s de prospection en exportant vos listes sur <a href=\"http:\/\/office.microsoft.com\/en-us\/excel\/\"><strong>Microsoft Excel<\/strong><\/a>, <strong><a href=\"http:\/\/www.mojosells.com\/\">MojoSells<\/a><\/strong> et <strong><a href=\"https:\/\/salesdialers.com\/\">SalesDialer<\/a>.<\/strong><\/p>\n<\/div>\n<div class=\"span6\">\n<p><img loading=\"lazy\" decoding=\"async\" style=\"border: 1px solid #CCC;\" src=\"\/wp-content\/assets\/tour\/tools-integration.jpg\" alt=\"\" width=\"460\" height=\"280\" \/><\/p>\n<\/div>\n<\/div>\n<div class=\"alert alert-success\" style=\"margin: 20px 0 26px;\">\n<h2 class=\"ac\">L\u2019incroyable simplicit\u00e9 et la facilit\u00e9 d\u2019utilisation fait de Telelisting un outil remarquable.<br \/>\nVous allez adorer l\u2019utiliser.<\/h2>\n<\/div>\n<div class=\"row\">\n<div class=\"span6\">\n<p class=\"media-grid\"><img loading=\"lazy\" decoding=\"async\" style=\"border: 1px solid #CCC;\" src=\"\/wp-content\/assets\/tour\/search-find-and-close-business.jpg\" alt=\"\" width=\"460\" height=\"280\" \/><\/p>\n<\/div>\n<div class=\"span6\">\n<h3>Recherchez, Trouvez et Finalisez vos Transactions<\/h3>\n<p>Comme Telelisting est bas\u00e9 sur le bottin t\u00e9l\u00e9phonique, vous n\u2019avez pas besoin d\u2019une adresse compl\u00e8te pour faire votre recherche. Nous vous donnons acc\u00e8s \u00e0 des millions d\u2019adresses instantan\u00e9ment! Vous pouvez chercher avec tout type de crit\u00e8res de recherches invers\u00e9s; \u00a0pr\u00e9nom, nom de famille, num\u00e9ro de porte, rue, ville, code postal ou num\u00e9ro de t\u00e9l\u00e9phone.<\/p>\n<p>Si vous recherchez par num\u00e9ro de t\u00e9l\u00e9phone et que le num\u00e9ro n\u2019est pas publi\u00e9, nous allons tout de m\u00eame vous laisser savoir s\u2019il est sur la Liste de Num\u00e9ro de T\u00e9l\u00e9phone Exclus.<\/p>\n<p>Ne perdez plus votre temps \u00e0 importer vos dossiers sur d\u2019autres programmes. Vous pouvez maintenant vous concentrer sur votre t\u00e2che la plus importante, trouver et finaliser vos transactions.<\/p>\n<\/div>\n<\/div>\n<hr \/>\n<div class=\"row\">\n<div class=\"span6\">\n<h3>Rappels Automatiques &#8211; Vous N&rsquo;Oublierez Rien!<\/h3>\n<p>Programmez vos t\u00e2ches et activit\u00e9s pour chacun de vos contacts et Telelisting vous avisera automatiquement de chacun de vos suivis et t\u00e2ches en vous envoyant un courriel.<\/p>\n<p>Vous pouvez aussi consulter tous vos t\u00e2ches actives ou d\u00e9pass\u00e9es ainsi que vos suivis directement \u00e0 partir du bottin en utilisant plusieurs filtres.<\/p>\n<\/div>\n<div class=\"span6\">\n<p><img loading=\"lazy\" decoding=\"async\" style=\"border: 1px solid #CCC;\" src=\"\/wp-content\/assets\/tour\/automatic-reminders.jpg\" alt=\"\" width=\"460\" height=\"280\" \/><\/p>\n<\/div>\n<\/div>\n<hr \/>\n<div class=\"row\">\n<div class=\"span6\">\n<p class=\"media-grid\"><img loading=\"lazy\" decoding=\"async\" style=\"border: 1px solid #CCC;\" src=\"\/wp-content\/assets\/tour\/multiple-users.jpg\" alt=\"\" width=\"460\" height=\"280\" \/><\/p>\n<\/div>\n<div class=\"span6\">\n<h3>Abonnement de Bureau et Multi-Utilisateur<\/h3>\n<p>Si vous g\u00e9rez un bureau avec des centaines de repr\u00e9sentants, ils peuvent tous appr\u00e9cier le pouvoir de Telelisting en l\u2019espace d\u2019un instant. Il ne vous faut que vous abonner \u00e0 un de nos forfaits multi-utilisateurs. Entrez le courriel de chacun de vos repr\u00e9sentants \u00e0 votre liste d\u2019utilisateurs \u00a0et ils seront automatiquement abonn\u00e9s. Nous allons prendre soin de leur envoyer les instructions \u00e0 suivre en d\u00e9tail afin qu\u2019ils puissent utiliser Telelisting avec leur nom d\u2019utilisateur et mot de passe.<\/p>\n<p>Vous \u00eates en contr\u00f4le de votre compte en permanence, si un de vos repr\u00e9sentants quitte votre bureau, vous pouvez facilement le retirer de votre liste d\u2019utilisateurs en un simple clic.<\/p>\n<\/div>\n<\/div>\n<hr \/>\n<blockquote class=\"big-quote\">\n<h2>La recherche de clients potentiels pour un courtier immobilier est \u00e0 la base de son succ\u00e8s. Cette d\u00e9marche peut parfois \u00eatre tr\u00e8s longue et fastidieuse, si nous n\u2019avons pas les bons outils. Telelisting vient nous simplifier de beaucoup la vie \u00e0 un co\u00fbt plus qu\u2019abordable ! Merci encore Telelisting!<\/h2>\n<p><small>\u00c9ric L\u00e9ger, Sutton<\/small><\/p><\/blockquote>\n<hr \/>\n<div class=\"row\">\n<div class=\"span6\">\n<h3>Service \u00e0 la Client\u00e8le Hors Pair<\/h3>\n<p>Vous avez besoin d\u2019aide \u00e0 propos de votre compte Telelisting? Nous offrons un support illimit\u00e9 par courriel et par t\u00e9l\u00e9phone, un centre d\u2019aide compr\u00e9hensif et un guide contenant des trucs serviables.<\/p>\n<p>Votre succ\u00e8s est notre objectif. Nous sommes impatients de travailler avec vous pour faire de cet objectif une r\u00e9alit\u00e9!<\/p>\n<\/div>\n<div class=\"span6\">\n<p><img loading=\"lazy\" decoding=\"async\" style=\"border: 1px solid #CCC;\" src=\"\/wp-content\/assets\/tour\/customer-support.jpg\" alt=\"\" width=\"460\" height=\"280\" \/><\/p>\n<\/div>\n<\/div>\n<hr \/>\n<div class=\"well ac\">\n<h3>D\u00e9couvrez par vous-m\u00eame comment Telelisting rend facile la t\u00e2che de trouver de nouveaux clients!<br \/>\n<a title=\"Sign up for Telelisting\" href=\"http:\/\/app.telelisting.net\/Buy?lang=fr\">Abonnez-vous et commencez d\u00e8s aujourd&rsquo;hui\u00a0<\/a>\u2192<\/h3>\n<\/div>\n<\/div>\n","protected":false},"excerpt":{"rendered":"<p>Telelisting pour un utilisateur Telelisting pour Agence et centres d&rsquo;appels Composeur Int\u00e9gr\u00e9 Qu\u00e9bec AVPP<\/p>\n","protected":false},"author":3,"featured_media":0,"parent":0,"menu_order":0,"comment_status":"closed","ping_status":"open","template":"page-full.php","meta":{"_monsterinsights_skip_tracking":false,"_monsterinsights_sitenote_active":false,"_monsterinsights_sitenote_note":"","_monsterinsights_sitenote_category":0,"footnotes":""},"class_list":["post-500","page","type-page","status-publish","hentry"],"_links":{"self":[{"href":"https:\/\/telelisting.net\/fr\/wp-json\/wp\/v2\/pages\/500","targetHints":{"allow":["GET"]}}],"collection":[{"href":"https:\/\/telelisting.net\/fr\/wp-json\/wp\/v2\/pages"}],"about":[{"href":"https:\/\/telelisting.net\/fr\/wp-json\/wp\/v2\/types\/page"}],"author":[{"embeddable":true,"href":"https:\/\/telelisting.net\/fr\/wp-json\/wp\/v2\/users\/3"}],"replies":[{"embeddable":true,"href":"https:\/\/telelisting.net\/fr\/wp-json\/wp\/v2\/comments?post=500"}],"version-history":[{"count":0,"href":"https:\/\/telelisting.net\/fr\/wp-json\/wp\/v2\/pages\/500\/revisions"}],"wp:attachment":[{"href":"https:\/\/telelisting.net\/fr\/wp-json\/wp\/v2\/media?parent=500"}],"curies":[{"name":"wp","href":"https:\/\/api.w.org\/{rel}","templated":true}]}}