{"id":474612,"date":"2025-11-27T13:16:06","date_gmt":"2025-11-27T17:16:06","guid":{"rendered":"https:\/\/telelisting.net\/?page_id=474612"},"modified":"2025-11-27T13:16:06","modified_gmt":"2025-11-27T17:16:06","slug":"telelisting-pour-agences-immobilieres","status":"publish","type":"page","link":"https:\/\/telelisting.net\/fr\/telelisting-pour-agences-immobilieres\/","title":{"rendered":"TELELISTING POUR AGENCES IMMOBILI\u00c8RES"},"content":{"rendered":"<div class=\"container content\">\n<div class=\"row\">\n<div class=\"span12\">\n<p>&nbsp;<\/p>\n<div class=\"page-header\" style=\"padding-bottom: 6px; margin: 25px 0 10px;\">\n<h2>Comment votre agence peut g\u00e9n\u00e9rer des milliers de dollars de revenus annuels tout en restant conforme \u00e0 la LNNTE<\/h2>\n<\/div>\n<p>\nTelelisting est une plateforme de prospection conforme \u00e0 la LNNTE qui met \u00e0 la disposition de vos courtiers des millions de num\u00e9ros de t\u00e9l\u00e9phone canadiens, enti\u00e8rement filtr\u00e9s selon la Liste nationale de num\u00e9ros de t\u00e9l\u00e9communication exclus (LNNTE) et votre propre liste interne de num\u00e9ros exclus.\n<\/p>\n<p>\nLa solution inclut un CRM simple et convivial pour les courtiers, leur permettant de prendre des notes, g\u00e9rer les suivis, suivre les conversations et organiser leur prospection \u2014 tout en gardant votre agence pleinement conforme.\n<\/p>\n<p>\nLe tableau ci-dessous illustre un <strong>mod\u00e8le sugg\u00e9r\u00e9 de refacturation interne<\/strong>.<br \/>\nDans cet exemple, votre agence refacture aux courtiers les co\u00fbts de Telelisting + LNNTE \u00e0 leur co\u00fbt r\u00e9el,<br \/>\n<strong>plus une majoration de 50&nbsp;$ par courtier<\/strong>.<br \/>\nCette approche permet \u00e0 votre agence de demeurer conforme tout en transformant les obligations li\u00e9es \u00e0 la LNNTE en une nouvelle source de revenus r\u00e9currents.\n<\/p>\n<table class=\"table table-bordered table-striped\" style=\"background: #fff;\">\n<thead>\n<tr>\n<th class=\"ac\" style=\"width: 20%;\">Taille de l\u2019agence<\/th>\n<th class=\"ac\" style=\"width: 26%;\">1 indicatif r\u00e9gional<\/th>\n<th class=\"ac\" style=\"width: 26%;\">3 indicatifs r\u00e9gionaux<\/th>\n<th class=\"ac\" style=\"width: 26%;\">5 indicatifs r\u00e9gionaux<\/th>\n<\/tr>\n<\/thead>\n<tbody>\n<p><!-- 10 COURTIERS --><\/p>\n<tr>\n<td><strong>10 courtiers<\/strong><\/td>\n<td style=\"background: #fafafa;\">\n<table style=\"width: 100%; border: 0;\">\n<tbody>\n<tr>\n<td>Co\u00fbt par courtier&nbsp;:<\/td>\n<td style=\"text-align: right;\">521&nbsp;$<\/td>\n<\/tr>\n<tr>\n<td>Votre marge&nbsp;:<\/td>\n<td style=\"text-align: right;\">50&nbsp;$<\/td>\n<\/tr>\n<tr>\n<td>Co\u00fbt factur\u00e9 au courtier&nbsp;:<\/td>\n<td style=\"text-align: right;\">571&nbsp;$<\/td>\n<\/tr>\n<tr>\n<td style=\"padding-top: 6px; text-align: center;\" colspan=\"2\">\n<span style=\"color: #27ae60; font-weight: bold;\">Revenus pour l\u2019agence&nbsp;: 500&nbsp;$ \/ an<\/span>\n<\/td>\n<\/tr>\n<\/tbody>\n<\/table>\n<\/td>\n<td style=\"background: #fafafa;\">\n<table style=\"width: 100%; border: 0;\">\n<tbody>\n<tr>\n<td>Co\u00fbt par courtier&nbsp;:<\/td>\n<td style=\"text-align: right;\">1&nbsp;165&nbsp;$<\/td>\n<\/tr>\n<tr>\n<td>Votre marge&nbsp;:<\/td>\n<td style=\"text-align: right;\">50&nbsp;$<\/td>\n<\/tr>\n<tr>\n<td>Co\u00fbt factur\u00e9 au courtier&nbsp;:<\/td>\n<td style=\"text-align: right;\">1&nbsp;215&nbsp;$<\/td>\n<\/tr>\n<tr>\n<td style=\"padding-top: 6px; text-align: center;\" colspan=\"2\">\n<span style=\"color: #27ae60; font-weight: bold;\">Revenus pour l\u2019agence&nbsp;: 500&nbsp;$ \/ an<\/span>\n<\/td>\n<\/tr>\n<\/tbody>\n<\/table>\n<\/td>\n<td style=\"background: #fafafa;\">\n<table style=\"width: 100%; border: 0;\">\n<tbody>\n<tr>\n<td>Co\u00fbt par courtier&nbsp;:<\/td>\n<td style=\"text-align: right;\">1&nbsp;808&nbsp;$<\/td>\n<\/tr>\n<tr>\n<td>Votre marge&nbsp;:<\/td>\n<td style=\"text-align: right;\">50&nbsp;$<\/td>\n<\/tr>\n<tr>\n<td>Co\u00fbt factur\u00e9 au courtier&nbsp;:<\/td>\n<td style=\"text-align: right;\">1&nbsp;858&nbsp;$<\/td>\n<\/tr>\n<tr>\n<td style=\"padding-top: 6px; text-align: center;\" colspan=\"2\">\n<span style=\"color: #27ae60; font-weight: bold;\">Revenus pour l\u2019agence&nbsp;: 500&nbsp;$ \/ an<\/span>\n<\/td>\n<\/tr>\n<\/tbody>\n<\/table>\n<\/td>\n<\/tr>\n<p><!-- 20 COURTIERS --><\/p>\n<tr>\n<td><strong>20 courtiers<\/strong><\/td>\n<td style=\"background: #fafafa;\">\n<table style=\"width: 100%; border: 0;\">\n<tbody>\n<tr>\n<td>Co\u00fbt par courtier&nbsp;:<\/td>\n<td style=\"text-align: right;\">286&nbsp;$<\/td>\n<\/tr>\n<tr>\n<td>Votre marge&nbsp;:<\/td>\n<td style=\"text-align: right;\">50&nbsp;$<\/td>\n<\/tr>\n<tr>\n<td>Co\u00fbt factur\u00e9 au courtier&nbsp;:<\/td>\n<td style=\"text-align: right;\">336&nbsp;$<\/td>\n<\/tr>\n<tr>\n<td style=\"padding-top: 6px; text-align: center;\" colspan=\"2\">\n<span style=\"color: #27ae60; font-weight: bold;\">Revenus pour l\u2019agence&nbsp;: 1&nbsp;000&nbsp;$ \/ an<\/span>\n<\/td>\n<\/tr>\n<\/tbody>\n<\/table>\n<\/td>\n<td style=\"background: #fafafa;\">\n<table style=\"width: 100%; border: 0;\">\n<tbody>\n<tr>\n<td>Co\u00fbt par courtier&nbsp;:<\/td>\n<td style=\"text-align: right;\">607&nbsp;$<\/td>\n<\/tr>\n<tr>\n<td>Votre marge&nbsp;:<\/td>\n<td style=\"text-align: right;\">50&nbsp;$<\/td>\n<\/tr>\n<tr>\n<td>Co\u00fbt factur\u00e9 au courtier&nbsp;:<\/td>\n<td style=\"text-align: right;\">657&nbsp;$<\/td>\n<\/tr>\n<tr>\n<td style=\"padding-top: 6px; text-align: center;\" colspan=\"2\">\n<span style=\"color: #27ae60; font-weight: bold;\">Revenus pour l\u2019agence&nbsp;: 1&nbsp;000&nbsp;$ \/ an<\/span>\n<\/td>\n<\/tr>\n<\/tbody>\n<\/table>\n<\/td>\n<td style=\"background: #fafafa;\">\n<table style=\"width: 100%; border: 0;\">\n<tbody>\n<tr>\n<td>Co\u00fbt par courtier&nbsp;:<\/td>\n<td style=\"text-align: right;\">929&nbsp;$<\/td>\n<\/tr>\n<tr>\n<td>Votre marge&nbsp;:<\/td>\n<td style=\"text-align: right;\">50&nbsp;$<\/td>\n<\/tr>\n<tr>\n<td>Co\u00fbt factur\u00e9 au courtier&nbsp;:<\/td>\n<td style=\"text-align: right;\">979&nbsp;$<\/td>\n<\/tr>\n<tr>\n<td style=\"padding-top: 6px; text-align: center;\" colspan=\"2\">\n<span style=\"color: #27ae60; font-weight: bold;\">Revenus pour l\u2019agence&nbsp;: 1&nbsp;000&nbsp;$ \/ an<\/span>\n<\/td>\n<\/tr>\n<\/tbody>\n<\/table>\n<\/td>\n<\/tr>\n<p><!-- 50 COURTIERS --><\/p>\n<tr>\n<td><strong>50 courtiers<\/strong><\/td>\n<td style=\"background: #fafafa;\">\n<table style=\"width: 100%; border: 0;\">\n<tbody>\n<tr>\n<td>Co\u00fbt par courtier&nbsp;:<\/td>\n<td style=\"text-align: right;\">184&nbsp;$<\/td>\n<\/tr>\n<tr>\n<td>Votre marge&nbsp;:<\/td>\n<td style=\"text-align: right;\">50&nbsp;$<\/td>\n<\/tr>\n<tr>\n<td>Co\u00fbt factur\u00e9 au courtier&nbsp;:<\/td>\n<td style=\"text-align: right;\">234&nbsp;$<\/td>\n<\/tr>\n<tr>\n<td style=\"padding-top: 6px; text-align: center;\" colspan=\"2\">\n<span style=\"color: #27ae60; font-weight: bold;\">Revenus pour l\u2019agence&nbsp;: 2&nbsp;500&nbsp;$ \/ an<\/span>\n<\/td>\n<\/tr>\n<\/tbody>\n<\/table>\n<\/td>\n<td style=\"background: #fafafa;\">\n<table style=\"width: 100%; border: 0;\">\n<tbody>\n<tr>\n<td>Co\u00fbt par courtier&nbsp;:<\/td>\n<td style=\"text-align: right;\">313&nbsp;$<\/td>\n<\/tr>\n<tr>\n<td>Votre marge&nbsp;:<\/td>\n<td style=\"text-align: right;\">50&nbsp;$<\/td>\n<\/tr>\n<tr>\n<td>Co\u00fbt factur\u00e9 au courtier&nbsp;:<\/td>\n<td style=\"text-align: right;\">363&nbsp;$<\/td>\n<\/tr>\n<tr>\n<td style=\"padding-top: 6px; text-align: center;\" colspan=\"2\">\n<span style=\"color: #27ae60; font-weight: bold;\">Revenus pour l\u2019agence&nbsp;: 2&nbsp;500&nbsp;$ \/ an<\/span>\n<\/td>\n<\/tr>\n<\/tbody>\n<\/table>\n<\/td>\n<td style=\"background: #fafafa;\">\n<table style=\"width: 100%; border: 0;\">\n<tbody>\n<tr>\n<td>Co\u00fbt par courtier&nbsp;:<\/td>\n<td style=\"text-align: right;\">442&nbsp;$<\/td>\n<\/tr>\n<tr>\n<td>Votre marge&nbsp;:<\/td>\n<td style=\"text-align: right;\">50&nbsp;$<\/td>\n<\/tr>\n<tr>\n<td>Co\u00fbt factur\u00e9 au courtier&nbsp;:<\/td>\n<td style=\"text-align: right;\">492&nbsp;$<\/td>\n<\/tr>\n<tr>\n<td style=\"padding-top: 6px; text-align: center;\" colspan=\"2\">\n<span style=\"color: #27ae60; font-weight: bold;\">Revenus pour l\u2019agence&nbsp;: 2&nbsp;500&nbsp;$ \/ an<\/span>\n<\/td>\n<\/tr>\n<\/tbody>\n<\/table>\n<\/td>\n<\/tr>\n<p><!-- 100 COURTIERS --><\/p>\n<tr>\n<td><strong>100 courtiers<\/strong><\/td>\n<td style=\"background: #fafafa;\">\n<table style=\"width: 100%; border: 0;\">\n<tbody>\n<tr>\n<td>Co\u00fbt par courtier&nbsp;:<\/td>\n<td style=\"text-align: right;\">92&nbsp;$<\/td>\n<\/tr>\n<tr>\n<td>Votre marge&nbsp;:<\/td>\n<td style=\"text-align: right;\">50&nbsp;$<\/td>\n<\/tr>\n<tr>\n<td>Co\u00fbt factur\u00e9 au courtier&nbsp;:<\/td>\n<td style=\"text-align: right;\">142&nbsp;$<\/td>\n<\/tr>\n<tr>\n<td style=\"padding-top: 6px; text-align: center;\" colspan=\"2\">\n<span style=\"color: #27ae60; font-weight: bold;\">Revenus pour l\u2019agence&nbsp;: 5&nbsp;000&nbsp;$ \/ an<\/span>\n<\/td>\n<\/tr>\n<\/tbody>\n<\/table>\n<\/td>\n<td style=\"background: #fafafa;\">\n<table style=\"width: 100%; border: 0;\">\n<tbody>\n<tr>\n<td>Co\u00fbt par courtier&nbsp;:<\/td>\n<td style=\"text-align: right;\">157&nbsp;$<\/td>\n<\/tr>\n<tr>\n<td>Votre marge&nbsp;:<\/td>\n<td style=\"text-align: right;\">50&nbsp;$<\/td>\n<\/tr>\n<tr>\n<td>Co\u00fbt factur\u00e9 au courtier&nbsp;:<\/td>\n<td style=\"text-align: right;\">207&nbsp;$<\/td>\n<\/tr>\n<tr>\n<td style=\"padding-top: 6px; text-align: center;\" colspan=\"2\">\n<span style=\"color: #27ae60; font-weight: bold;\">Revenus pour l\u2019agence&nbsp;: 5&nbsp;000&nbsp;$ \/ an<\/span>\n<\/td>\n<\/tr>\n<\/tbody>\n<\/table>\n<\/td>\n<td style=\"background: #fafafa;\">\n<table style=\"width: 100%; border: 0;\">\n<tbody>\n<tr>\n<td>Co\u00fbt par courtier&nbsp;:<\/td>\n<td style=\"text-align: right;\">271&nbsp;$<\/td>\n<\/tr>\n<tr>\n<td>Votre marge&nbsp;:<\/td>\n<td style=\"text-align: right;\">50&nbsp;$<\/td>\n<\/tr>\n<tr>\n<td>Co\u00fbt factur\u00e9 au courtier&nbsp;:<\/td>\n<td style=\"text-align: right;\">321&nbsp;$<\/td>\n<\/tr>\n<tr>\n<td style=\"padding-top: 6px; text-align: center;\" colspan=\"2\">\n<span style=\"color: #27ae60; font-weight: bold;\">Revenus pour l\u2019agence&nbsp;: 5&nbsp;000&nbsp;$ \/ an<\/span>\n<\/td>\n<\/tr>\n<\/tbody>\n<\/table>\n<\/td>\n<\/tr>\n<p><!-- 250 COURTIERS --><\/p>\n<tr>\n<td><strong>250 courtiers<\/strong><\/td>\n<td style=\"background: #fafafa;\">\n<table style=\"width: 100%; border: 0;\">\n<tbody>\n<tr>\n<td>Co\u00fbt par courtier&nbsp;:<\/td>\n<td style=\"text-align: right;\">37&nbsp;$<\/td>\n<\/tr>\n<tr>\n<td>Votre marge&nbsp;:<\/td>\n<td style=\"text-align: right;\">50&nbsp;$<\/td>\n<\/tr>\n<tr>\n<td>Co\u00fbt factur\u00e9 au courtier&nbsp;:<\/td>\n<td style=\"text-align: right;\">87&nbsp;$<\/td>\n<\/tr>\n<tr>\n<td style=\"padding-top: 6px; text-align: center;\" colspan=\"2\">\n<span style=\"color: #27ae60; font-weight: bold;\">Revenus pour l\u2019agence&nbsp;: 12&nbsp;500&nbsp;$ \/ an<\/span>\n<\/td>\n<\/tr>\n<\/tbody>\n<\/table>\n<\/td>\n<td style=\"background: #fafafa;\">\n<table style=\"width: 100%; border: 0;\">\n<tbody>\n<tr>\n<td>Co\u00fbt par courtier&nbsp;:<\/td>\n<td style=\"text-align: right;\">63&nbsp;$<\/td>\n<\/tr>\n<tr>\n<td>Votre marge&nbsp;:<\/td>\n<td style=\"text-align: right;\">50&nbsp;$<\/td>\n<\/tr>\n<tr>\n<td>Co\u00fbt factur\u00e9 au courtier&nbsp;:<\/td>\n<td style=\"text-align: right;\">113&nbsp;$<\/td>\n<\/tr>\n<tr>\n<td style=\"padding-top: 6px; text-align: center;\" colspan=\"2\">\n<span style=\"color: #27ae60; font-weight: bold;\">Revenus pour l\u2019agence&nbsp;: 12&nbsp;500&nbsp;$ \/ an<\/span>\n<\/td>\n<\/tr>\n<\/tbody>\n<\/table>\n<\/td>\n<td style=\"background: #fafafa;\">\n<table style=\"width: 100%; border: 0;\">\n<tbody>\n<tr>\n<td>Co\u00fbt par courtier&nbsp;:<\/td>\n<td style=\"text-align: right;\">88&nbsp;$<\/td>\n<\/tr>\n<tr>\n<td>Votre marge&nbsp;:<\/td>\n<td style=\"text-align: right;\">50&nbsp;$<\/td>\n<\/tr>\n<tr>\n<td>Co\u00fbt factur\u00e9 au courtier&nbsp;:<\/td>\n<td style=\"text-align: right;\">138&nbsp;$<\/td>\n<\/tr>\n<tr>\n<td style=\"padding-top: 6px; text-align: center;\" colspan=\"2\">\n<span style=\"color: #27ae60; font-weight: bold;\">Revenus pour l\u2019agence&nbsp;: 12&nbsp;500&nbsp;$ \/ an<\/span>\n<\/td>\n<\/tr>\n<\/tbody>\n<\/table>\n<\/td>\n<\/tr>\n<p><!-- 800 COURTIERS --><\/p>\n<tr>\n<td><strong>800 courtiers<\/strong><\/td>\n<td style=\"background: #fafafa;\">\n<table style=\"width: 100%; border: 0;\">\n<tbody>\n<tr>\n<td>Co\u00fbt par courtier&nbsp;:<\/td>\n<td style=\"text-align: right;\">12&nbsp;$<\/td>\n<\/tr>\n<tr>\n<td>Votre marge&nbsp;:<\/td>\n<td style=\"text-align: right;\">50&nbsp;$<\/td>\n<\/tr>\n<tr>\n<td>Co\u00fbt factur\u00e9 au courtier&nbsp;:<\/td>\n<td style=\"text-align: right;\">62&nbsp;$<\/td>\n<\/tr>\n<tr>\n<td style=\"padding-top: 6px; text-align: center;\" colspan=\"2\">\n<span style=\"color: #27ae60; font-weight: bold;\">Revenus pour l\u2019agence&nbsp;: 40&nbsp;000&nbsp;$ \/ an<\/span>\n<\/td>\n<\/tr>\n<\/tbody>\n<\/table>\n<\/td>\n<td style=\"background: #fafafa;\">\n<table style=\"width: 100%; border: 0;\">\n<tbody>\n<tr>\n<td>Co\u00fbt par courtier&nbsp;:<\/td>\n<td style=\"text-align: right;\">20&nbsp;$<\/td>\n<\/tr>\n<tr>\n<td>Votre marge&nbsp;:<\/td>\n<td style=\"text-align: right;\">50&nbsp;$<\/td>\n<\/tr>\n<tr>\n<td>Co\u00fbt factur\u00e9 au courtier&nbsp;:<\/td>\n<td style=\"text-align: right;\">70&nbsp;$<\/td>\n<\/tr>\n<tr>\n<td style=\"padding-top: 6px; text-align: center;\" colspan=\"2\">\n<span style=\"color: #27ae60; font-weight: bold;\">Revenus pour l\u2019agence&nbsp;: 40&nbsp;000&nbsp;$ \/ an<\/span>\n<\/td>\n<\/tr>\n<\/tbody>\n<\/table>\n<\/td>\n<td style=\"background: #fafafa;\">\n<table style=\"width: 100%; border: 0;\">\n<tbody>\n<tr>\n<td>Co\u00fbt par courtier&nbsp;:<\/td>\n<td style=\"text-align: right;\">28&nbsp;$<\/td>\n<\/tr>\n<tr>\n<td>Votre marge&nbsp;:<\/td>\n<td style=\"text-align: right;\">50&nbsp;$<\/td>\n<\/tr>\n<tr>\n<td>Co\u00fbt factur\u00e9 au courtier&nbsp;:<\/td>\n<td style=\"text-align: right;\">78&nbsp;$<\/td>\n<\/tr>\n<tr>\n<td style=\"padding-top: 6px; text-align: center;\" colspan=\"2\">\n<span style=\"color: #27ae60; font-weight: bold;\">Revenus pour l\u2019agence&nbsp;: 40&nbsp;000&nbsp;$ \/ an<\/span>\n<\/td>\n<\/tr>\n<\/tbody>\n<\/table>\n<\/td>\n<\/tr>\n<\/tbody>\n<\/table>\n<p>\nCe mod\u00e8le est une simple suggestion. Il d\u00e9montre comment la conformit\u00e9 \u00e0 la LNNTE et l\u2019utilisation de Telelisting,<br \/>\nlorsqu\u2019elles sont refactur\u00e9es \u00e0 l\u2019interne au co\u00fbt r\u00e9el plus un modeste 50&nbsp;$ par courtier,<br \/>\npeuvent faire passer une d\u00e9pense r\u00e9glementaire \u00e0 une source de revenus stable pour votre agence \u2014<br \/>\ntout en offrant \u00e0 chaque courtier un puissant outil de prospection conforme.\n<\/p>\n<p><!-- NEXT SECTION: WHY BROKERAGES CHOOSE TELELISTING --><\/p>\n<div class=\"page-header\" style=\"padding-bottom: 6px; margin: 25px 0 18px;\">\n<h2>La nouvelle r\u00e9alit\u00e9&nbsp;: conformit\u00e9 + productivit\u00e9 = croissance de l\u2019agence<\/h2>\n<\/div>\n<p>\nLes dirigeants d\u2019agences immobili\u00e8res \u00e0 travers le Canada font face \u00e0 un double d\u00e9fi&nbsp;: rester conformes aux r\u00e8gles de la LNNTE du CRTC<br \/>\ntout en offrant \u00e0 leurs courtiers des outils qui les aident r\u00e9ellement \u00e0 g\u00e9n\u00e9rer des affaires.<br \/>\nLa plupart des solutions ne r\u00e9pondent qu\u2019\u00e0 une partie du probl\u00e8me \u2014 <strong>Telelisting r\u00e9pond aux deux<\/strong>.\n<\/p>\n<div class=\"row\" style=\"display: flex; flex-wrap: nowrap;\">\n<div class=\"span4\" style=\"display: flex;\">\n<div class=\"well\" style=\"flex: 1;\">\n<h3 class=\"ac\" style=\"margin-top: 5px;\">Recrutement renforc\u00e9<\/h3>\n<p style=\"margin-bottom: 0;\">\nOffrir un syst\u00e8me de prospection conforme et pr\u00eat \u00e0 l\u2019emploi permet \u00e0 votre agence de se d\u00e9marquer.<br \/>\nLes courtiers comprennent imm\u00e9diatement la valeur \u2014 cela rend la d\u00e9cision de se joindre \u00e0 votre \u00e9quipe beaucoup plus facile.\n<\/p>\n<\/div>\n<\/div>\n<div class=\"span4\" style=\"display: flex;\">\n<div class=\"well\" style=\"flex: 1;\">\n<h3 class=\"ac\" style=\"margin-top: 5px;\">Production accrue<\/h3>\n<p style=\"margin-bottom: 0;\">\nTelelisting fournit aux courtiers des listes d\u2019appels filtr\u00e9es selon la LNNTE, qu\u2019ils peuvent utiliser en toute confiance.<br \/>\nPlus de prospection t\u00e9l\u00e9phonique signifie plus de rendez-vous, plus d\u2019inscriptions et plus d\u2019activit\u00e9 de vente pour l\u2019ensemble de votre agence.\n<\/p>\n<\/div>\n<\/div>\n<div class=\"span4\" style=\"display: flex;\">\n<div class=\"well\" style=\"flex: 1;\">\n<h3 class=\"ac\" style=\"margin-top: 5px;\">Meilleure r\u00e9tention<\/h3>\n<p style=\"margin-bottom: 0;\">\nLorsque les courtiers s\u2019appuient sur un outil int\u00e9gr\u00e9 au fonctionnement quotidien de votre agence,<br \/>\nils restent plus longtemps. Telelisting devient une brique de votre \u00e9cosyst\u00e8me op\u00e9rationnel \u2014<br \/>\naugmentant la loyaut\u00e9 et l\u2019engagement \u00e0 long terme.\n<\/p>\n<\/div>\n<\/div>\n<\/div>\n<p><!-- WHAT TELELISTING PROVIDES --><\/p>\n<div class=\"page-header\" style=\"padding-bottom: 6px; margin: 25px 0 18px;\">\n<h2>Ce que Telelisting apporte \u00e0 votre agence<\/h2>\n<\/div>\n<p>\nTelelisting aide votre agence \u00e0 respecter toutes ses obligations de conformit\u00e9,<br \/>\ntout en offrant \u00e0 vos courtiers un syst\u00e8me de prospection complet, pr\u00eat \u00e0 \u00eatre utilis\u00e9 d\u00e8s le premier jour.\n<\/p>\n<div class=\"row\" style=\"display: flex; flex-wrap: nowrap;\">\n<div class=\"span4\" style=\"display: flex;\">\n<div class=\"well\" style=\"flex: 1;\">\n<h3 class=\"ac\" style=\"margin-top: 5px;\">Filtrage LNNTE automatis\u00e9<\/h3>\n<p style=\"margin-bottom: 0;\">\nLes num\u00e9ros sont filtr\u00e9s quotidiennement selon la Liste nationale de num\u00e9ros exclus et votre liste interne.<br \/>\nVos courtiers se concentrent sur les appels \u2014 pas sur l\u2019administration de la conformit\u00e9.\n<\/p>\n<\/div>\n<\/div>\n<div class=\"span4\" style=\"display: flex;\">\n<div class=\"well\" style=\"flex: 1;\">\n<h3 class=\"ac\" style=\"margin-top: 5px;\">Flux de prospection simplifi\u00e9<\/h3>\n<p style=\"margin-bottom: 0;\">\nLes courtiers re\u00e7oivent des listes propres, des outils de suivi, des rappels de suivi et des notes \u2014<br \/>\ntout ce dont ils ont besoin pour rester constants et organis\u00e9s, sans complexit\u00e9 inutile.\n<\/p>\n<\/div>\n<\/div>\n<div class=\"span4\" style=\"display: flex;\">\n<div class=\"well\" style=\"flex: 1;\">\n<h3 class=\"ac\" style=\"margin-top: 5px;\">Bouclier de conformit\u00e9 clair<\/h3>\n<p style=\"margin-bottom: 0;\">\nVotre agence dispose d\u2019une preuve document\u00e9e de conformit\u00e9.<br \/>\nChaque t\u00e9l\u00e9chargement, chaque date d\u2019appel et chaque num\u00e9ro filtr\u00e9 est trac\u00e9, ce qui r\u00e9duit consid\u00e9rablement le risque.\n<\/p>\n<\/div>\n<\/div>\n<\/div>\n<p><!-- PRICING STRUCTURE --><\/p>\n<div class=\"page-header\" style=\"padding-bottom: 6px; margin: 25px 0 18px;\">\n<h2>Structure de tarification transparente<\/h2>\n<\/div>\n<p>\nTelelisting propose des forfaits flexibles en fonction de la taille de votre agence.<br \/>\nChaque forfait inclut les m\u00eames fonctionnalit\u00e9s de prospection conformes \u00e0 la LNNTE, avec une tarification qui \u00e9volue naturellement avec la croissance de votre \u00e9quipe.\n<\/p>\n<ul>\n<li><strong>Forfait Telelisting 10 utilisateurs&nbsp;: 1&nbsp;995&nbsp;$ \/ ann\u00e9e<\/strong><\/li>\n<li><strong>Forfait Telelisting 20 utilisateurs&nbsp;: 2&nbsp;495&nbsp;$ \/ ann\u00e9e<\/strong><\/li>\n<li><strong>Telelisting Unlimited (tous les courtiers)&nbsp;: 5&nbsp;999&nbsp;$ \/ ann\u00e9e<\/strong><\/li>\n<li><strong>Abonnements LNNTE&nbsp;: 3&nbsp;218&nbsp;$ par indicatif r\u00e9gional, par ann\u00e9e<\/strong><\/li>\n<\/ul>\n<p>\nLes co\u00fbts li\u00e9s \u00e0 Telelisting demeurent pr\u00e9visibles et abordables, surtout lorsqu\u2019ils sont r\u00e9partis entre vos courtiers.<br \/>\nDe nombreuses agences ajoutent Telelisting \u00e0 leurs frais de technologie, de conformit\u00e9 ou de services, ce qui simplifie la facturation<br \/>\net permet d\u2019offrir la m\u00eame solution \u00e0 tous les courtiers.\n<\/p>\n<div class=\"well\">\n<strong>Exemple&nbsp;:<\/strong><\/p>\n<p>Une agence de <strong>20 courtiers<\/strong> qui utilise le forfait Telelisting 20 utilisateurs paie&nbsp;:<br \/>\nTelelisting&nbsp;: <strong>2&nbsp;495&nbsp;$ \/ ann\u00e9e<\/strong><br \/>\n1 abonnement LNNTE (1 indicatif r\u00e9gional)&nbsp;: <strong>3&nbsp;218&nbsp;$ \/ ann\u00e9e<\/strong><br \/>\nCo\u00fbt annuel total de conformit\u00e9 et de prospection&nbsp;: <strong>5&nbsp;713&nbsp;$<\/strong><\/p>\n<p>Une grande agence de Montr\u00e9al (514 \/ 438 \/ 450) utilisant le forfait Unlimited ajoute trois indicatifs r\u00e9gionaux LNNTE pour 9&nbsp;654&nbsp;$ \/ ann\u00e9e.<br \/>\nTelelisting Unlimited&nbsp;: <strong>5&nbsp;999&nbsp;$ \/ ann\u00e9e<\/strong><br \/>\nCo\u00fbt annuel total de conformit\u00e9 et de prospection&nbsp;: <strong>15&nbsp;653&nbsp;$<\/strong> r\u00e9partis entre tous les courtiers.\n<\/div>\n<p><!-- VALUE FOR BROKERAGES --><\/p>\n<div class=\"page-header\" style=\"padding-bottom: 6px; margin: 25px 0 18px;\">\n<h2>Pourquoi les agences adoptent Telelisting<\/h2>\n<\/div>\n<ul>\n<li><strong>La conformit\u00e9 devient simple<\/strong> \u2014 filtrage enti\u00e8rement automatis\u00e9.<\/li>\n<li><strong>Les courtiers deviennent plus productifs<\/strong> gr\u00e2ce \u00e0 des listes d\u2019appels propres et pr\u00eates \u00e0 l\u2019usage.<\/li>\n<li><strong>Votre agence devient plus comp\u00e9titive<\/strong> pour le recrutement.<\/li>\n<li><strong>La r\u00e9tention s\u2019am\u00e9liore<\/strong> parce que les courtiers d\u00e9pendent du syst\u00e8me et y voient une vraie valeur.<\/li>\n<li><strong>Telelisting s\u2019int\u00e8gre facilement<\/strong> \u00e0 vos op\u00e9rations existantes.<\/li>\n<\/ul>\n<div class=\"page-header\" style=\"padding-bottom: 6px; margin: 25px 0 18px;\">\n<h2>Vous souhaitez explorer Telelisting pour votre agence&nbsp;?<\/h2>\n<\/div>\n<p>\nPlanifiez une conversation avec nous et d\u00e9couvrez comment Telelisting peut soutenir la conformit\u00e9, la productivit\u00e9 et la croissance de votre agence.\n<\/p>\n<div>\n<h3>Contactez-nous \u00e0&nbsp;<a href=\"mailto:info@telelisting.net\">info@telelisting.net<\/a>&nbsp;ou au 1-866-531-2586<\/h3>\n<\/div>\n<\/div>\n<\/div>\n<\/div>\n","protected":false},"excerpt":{"rendered":"<p>&nbsp; Comment votre agence peut g\u00e9n\u00e9rer des milliers de dollars de revenus annuels tout en restant conforme \u00e0 la LNNTE Telelisting est une plateforme de prospection conforme \u00e0 la LNNTE qui met \u00e0 la disposition de vos courtiers des millions &hellip; <a href=\"https:\/\/telelisting.net\/fr\/telelisting-pour-agences-immobilieres\/\">Suite<\/a><\/p>\n","protected":false},"author":1,"featured_media":0,"parent":0,"menu_order":0,"comment_status":"closed","ping_status":"closed","template":"page-full.php","meta":{"_monsterinsights_skip_tracking":false,"_monsterinsights_sitenote_active":false,"_monsterinsights_sitenote_note":"","_monsterinsights_sitenote_category":0,"footnotes":""},"class_list":["post-474612","page","type-page","status-publish","hentry"],"_links":{"self":[{"href":"https:\/\/telelisting.net\/fr\/wp-json\/wp\/v2\/pages\/474612","targetHints":{"allow":["GET"]}}],"collection":[{"href":"https:\/\/telelisting.net\/fr\/wp-json\/wp\/v2\/pages"}],"about":[{"href":"https:\/\/telelisting.net\/fr\/wp-json\/wp\/v2\/types\/page"}],"author":[{"embeddable":true,"href":"https:\/\/telelisting.net\/fr\/wp-json\/wp\/v2\/users\/1"}],"replies":[{"embeddable":true,"href":"https:\/\/telelisting.net\/fr\/wp-json\/wp\/v2\/comments?post=474612"}],"version-history":[{"count":2,"href":"https:\/\/telelisting.net\/fr\/wp-json\/wp\/v2\/pages\/474612\/revisions"}],"predecessor-version":[{"id":474614,"href":"https:\/\/telelisting.net\/fr\/wp-json\/wp\/v2\/pages\/474612\/revisions\/474614"}],"wp:attachment":[{"href":"https:\/\/telelisting.net\/fr\/wp-json\/wp\/v2\/media?parent=474612"}],"curies":[{"name":"wp","href":"https:\/\/api.w.org\/{rel}","templated":true}]}}