{"id":474573,"date":"2025-09-30T16:25:43","date_gmt":"2025-09-30T20:25:43","guid":{"rendered":"https:\/\/telelisting.net\/?page_id=474573"},"modified":"2025-09-30T19:20:49","modified_gmt":"2025-09-30T23:20:49","slug":"obligations-pour-les-courtiers-immobiliers","status":"publish","type":"page","link":"https:\/\/telelisting.net\/fr\/obligations-pour-les-courtiers-immobiliers\/","title":{"rendered":"Obligations pour les courtiers immobiliers"},"content":{"rendered":"<div class=\"container content\">\n<div class=\"row\">\n<div class=\"span12\">\n<p>\n        Les courtiers et agences immobili\u00e8res qui communiquent avec des clients potentiels par t\u00e9l\u00e9phone doivent respecter les <strong>R\u00e8gles sur les t\u00e9l\u00e9communications non sollicit\u00e9es<\/strong> \u00e9tablies par le CRTC.<\/p>\n<p>        Le non-respect peut entra\u00eener des <strong>sanctions financi\u00e8res importantes<\/strong> et nuire \u00e0 votre r\u00e9putation.\n      <\/p>\n<p>      &nbsp;<\/p>\n<div class=\"page-header\" style=\"padding-bottom: 6px; margin: 0 0 18px;\">\n<h2>Principales obligations<\/h2>\n<\/p><\/div>\n<div class=\"row\" style=\"display: flex; flex-wrap: nowrap;\">\n<div class=\"span4\" style=\"display: flex;\">\n<div class=\"well\" style=\"margin-top: 0; flex: 1;\">\n<h3 class=\"ac\" style=\"margin-top: 10px; font-size: 20px;\">Inscription et abonnement<\/h3>\n<p>\n              Votre <strong>agence immobili\u00e8re<\/strong> doit \u00eatre inscrite aupr\u00e8s de l\u2019administrateur national de la LNNTE<br \/>\n              (Liste nationale de num\u00e9ros de t\u00e9l\u00e9communication exclus) et acheter un abonnement pour chaque indicatif r\u00e9gional<br \/>\n              o\u00f9 vous souhaitez effectuer des appels. Les listes doivent \u00eatre mises \u00e0 jour tous les <strong>31 jours<\/strong>.\n            <\/p>\n<\/p><\/div>\n<\/p><\/div>\n<div class=\"span4\" style=\"display: flex;\">\n<div class=\"well\" style=\"margin-top: 0; flex: 1;\">\n<h3 class=\"ac\" style=\"margin-top: 10px; font-size: 20px;\">Liste interne de num\u00e9ros exclus<\/h3>\n<p>\n              Vous devez tenir votre propre liste interne. Lorsqu\u2019une personne demande de ne plus \u00eatre appel\u00e9e,<br \/>\n              son num\u00e9ro doit \u00eatre ajout\u00e9 dans un d\u00e9lai de <strong>14 jours<\/strong> et y rester pendant <strong>3 ans<\/strong>.\n            <\/p>\n<\/p><\/div>\n<\/p><\/div>\n<div class=\"span4\" style=\"display: flex;\">\n<div class=\"well\" style=\"margin-top: 0; flex: 1;\">\n<h3 class=\"ac\" style=\"margin-top: 10px; font-size: 20px;\">V\u00e9rification et heures permises<\/h3>\n<p>\n              Avant d\u2019appeler, v\u00e9rifiez les num\u00e9ros avec la LNNTE et votre liste interne.<br \/>\n              Les appels sont permis seulement entre <strong>9 h et 21 h 30 en semaine<\/strong><br \/>\n              et entre <strong>10 h et 18 h la fin de semaine<\/strong>.\n            <\/p>\n<\/p><\/div>\n<\/p><\/div>\n<\/p><\/div>\n<p>      &nbsp;<\/p>\n<div class=\"page-header\" style=\"padding-bottom: 6px; margin: 0 0 18px;\">\n<h2>Exceptions et relations d\u2019affaires existantes<\/h2>\n<\/p><\/div>\n<p>\n        Vous pouvez appeler un client avec qui vous avez eu une relation d\u2019affaires au cours des <strong>18 derniers mois<\/strong><br \/>\n        ou une personne qui vous a contact\u00e9 au cours des <strong>6 derniers mois<\/strong>, m\u00eame si son num\u00e9ro figure sur la LNNTE.<br \/>\n        Toutefois, vous devez quand m\u00eame respecter les autres r\u00e8gles de t\u00e9l\u00e9marketing, comme l\u2019identification et les heures d\u2019appel.\n      <\/p>\n<p>      &nbsp;<\/p>\n<div class=\"page-header\" style=\"padding-bottom: 6px; margin: 0 0 18px;\">\n<h2>Responsabilit\u00e9<\/h2>\n<\/p><\/div>\n<p>\n        L\u2019<strong>agence immobili\u00e8re<\/strong> est responsable du respect des r\u00e8gles,<br \/>\n        m\u00eame si les appels sont faits par un courtier ou par un fournisseur tiers de services de prospection.<br \/>\n        Les amendes peuvent atteindre jusqu\u2019\u00e0 <strong>1 500 $ par infraction pour un particulier<\/strong><br \/>\n        et <strong>15 000 $ pour une entreprise<\/strong>.\n      <\/p>\n<p>      &nbsp;<\/p>\n<div class=\"page-header\" style=\"padding-bottom: 6px; margin: 0 0 18px;\">\n<h2>Bonnes pratiques<\/h2>\n<\/p><\/div>\n<ul>\n<li>Mettre en place une politique \u00e9crite de t\u00e9l\u00e9marketing et de gestion des num\u00e9ros exclus.<\/li>\n<li>Former les courtiers sur la v\u00e9rification, la tenue de registres et la gestion des demandes de retrait.<\/li>\n<li>Inclure des clauses de conformit\u00e9 dans vos contrats avec les fournisseurs de listes ou de services.<\/li>\n<li>Conserver des preuves : t\u00e9l\u00e9chargements de la LNNTE, dates d\u2019ajouts \u00e0 la liste interne, etc.<\/li>\n<li>Effectuer des v\u00e9rifications r\u00e9guli\u00e8res pour r\u00e9duire les risques d\u2019infraction.<\/li>\n<\/ul>\n<p>      &nbsp;<\/p>\n<div class=\"page-header\" style=\"padding-bottom: 6px; margin: 0 0 18px;\">\n<h2>Ressources<\/h2>\n<\/p><\/div>\n<p>\n        Pour les d\u00e9tails complets, consultez la page officielle du CRTC :<br \/>\n        <a href=\"https:\/\/crtc.gc.ca\/fra\/phone\/telemarketing\/tobligations\/immobilier-realestate.htm\" target=\"_blank\"><br \/>\n          Obligations des courtiers immobiliers (CRTC)<br \/>\n        <\/a>\n      <\/p>\n<\/p><\/div>\n<\/p><\/div>\n<\/div>\n","protected":false},"excerpt":{"rendered":"<p>Les courtiers et agences immobili\u00e8res qui communiquent avec des clients potentiels par t\u00e9l\u00e9phone doivent respecter les R\u00e8gles sur les t\u00e9l\u00e9communications non sollicit\u00e9es \u00e9tablies par le CRTC. Le non-respect peut entra\u00eener des sanctions financi\u00e8res importantes et nuire \u00e0 votre r\u00e9putation. &nbsp; &hellip; <a href=\"https:\/\/telelisting.net\/fr\/obligations-pour-les-courtiers-immobiliers\/\">Suite<\/a><\/p>\n","protected":false},"author":1,"featured_media":0,"parent":0,"menu_order":0,"comment_status":"closed","ping_status":"closed","template":"page-full.php","meta":{"_monsterinsights_skip_tracking":false,"_monsterinsights_sitenote_active":false,"_monsterinsights_sitenote_note":"","_monsterinsights_sitenote_category":0,"footnotes":""},"class_list":["post-474573","page","type-page","status-publish","hentry"],"_links":{"self":[{"href":"https:\/\/telelisting.net\/fr\/wp-json\/wp\/v2\/pages\/474573","targetHints":{"allow":["GET"]}}],"collection":[{"href":"https:\/\/telelisting.net\/fr\/wp-json\/wp\/v2\/pages"}],"about":[{"href":"https:\/\/telelisting.net\/fr\/wp-json\/wp\/v2\/types\/page"}],"author":[{"embeddable":true,"href":"https:\/\/telelisting.net\/fr\/wp-json\/wp\/v2\/users\/1"}],"replies":[{"embeddable":true,"href":"https:\/\/telelisting.net\/fr\/wp-json\/wp\/v2\/comments?post=474573"}],"version-history":[{"count":6,"href":"https:\/\/telelisting.net\/fr\/wp-json\/wp\/v2\/pages\/474573\/revisions"}],"predecessor-version":[{"id":474585,"href":"https:\/\/telelisting.net\/fr\/wp-json\/wp\/v2\/pages\/474573\/revisions\/474585"}],"wp:attachment":[{"href":"https:\/\/telelisting.net\/fr\/wp-json\/wp\/v2\/media?parent=474573"}],"curies":[{"name":"wp","href":"https:\/\/api.w.org\/{rel}","templated":true}]}}