{"id":474560,"date":"2025-09-30T08:41:49","date_gmt":"2025-09-30T12:41:49","guid":{"rendered":"https:\/\/telelisting.net\/?page_id=474560"},"modified":"2025-09-30T08:47:16","modified_gmt":"2025-09-30T12:47:16","slug":"abonnes-actifs-a-la-lnnte","status":"publish","type":"page","link":"https:\/\/telelisting.net\/fr\/abonnes-actifs-a-la-lnnte\/","title":{"rendered":"Abonn\u00e9s actifs \u00e0 la LNNTE"},"content":{"rendered":"<div class=\"container content\">\n<div class=\"row\">\n<div class=\"span8 offset2\">\n<p>Cette page fournit un rapport en temps r\u00e9el de tous les clients Telelisting ayant un abonnement actif \u00e0 la Liste nationale de num\u00e9ros de t\u00e9l\u00e9communication exclus (LNNTE). <\/p>\n<p>La liste ci-dessous est g\u00e9n\u00e9r\u00e9e automatiquement et affiche les clients qui ont t\u00e9l\u00e9charg\u00e9 une liste LNNTE au cours des derni\u00e8res 24 heures.\n<\/p>\n<h3>Active DNCL Subscribers<\/h3><table border=\"1\" cellpadding=\"5\" cellspacing=\"0\" style=\"border-collapse: collapse; width: 100%;\"><tr style=\"background: #f0f0f0; font-weight: bold;\"><th>Company Name<\/th><th>Area Codes<\/th><\/tr><tr><td>~<\/td><td>all, all<\/td><\/tr><tr><td>Alimentation FC<\/td><td>418 450 581<\/td><\/tr><tr><td>Axford Real Estate<\/td><td>604<\/td><\/tr><tr><td>Bosley Real Estate Ltd.<\/td><td>647<\/td><\/tr><tr><td>Bosley Real Estate LTD., Brokerage<\/td><td>416, 647<\/td><\/tr><tr><td>Canmex Window Cleaning Corp.<\/td><td>403 587<\/td><\/tr><tr><td>Century 21 Green Realty INc.<\/td><td>416 905<\/td><\/tr><tr><td>Century 21 Heritage Group Ltd<\/td><td>416 905<\/td><\/tr><tr><td>Century 21 Immo Plus<\/td><td>450<\/td><\/tr><tr><td>Century 21 Peoples Choice Realty<\/td><td>416 905<\/td><\/tr><tr><td>eXp Realty<\/td><td>all<\/td><\/tr><tr><td>Expert Immobilier PM<\/td><td>450 514<\/td><\/tr><tr><td>Frank Loggia Immobilier<\/td><td>450 514<\/td><\/tr><tr><td>Frank Merenda INC<\/td><td>438 450 514<\/td><\/tr><tr><td>Groupe Mackay<\/td><td>514, 514<\/td><\/tr><tr><td>groupe sutton - clodem inc.<\/td><td>450<\/td><\/tr><tr><td>groupe sutton - immobilia inc.<\/td><td>514, 514, 450<\/td><\/tr><tr><td>groupe sutton-synergie inc.<\/td><td>450 514<\/td><\/tr><tr><td>Home Life Miracle Ltd<\/td><td>289 416 437 519 647 905<\/td><\/tr><tr><td>Industrielle Alliance<\/td><td>all<\/td><\/tr><tr><td>IPro Realty<\/td><td>289 416 519 647 905<\/td><\/tr><tr><td>Judy Burback<\/td><td>257<\/td><\/tr><tr><td>Keller William Co-Elevation Realty, Brokerage<\/td><td>416<\/td><\/tr><tr><td>Keller Williams Advantage Realty<\/td><td>416 647 905<\/td><\/tr><tr><td>Keller Williams Complete Realty<\/td><td>289 905<\/td><\/tr><tr><td>Keller Williams Edge Realty<\/td><td>289 905, 365 647<\/td><\/tr><tr><td>Keller Williams Energy<\/td><td>289 416 905<\/td><\/tr><tr><td>Keller Williams Experience<\/td><td>705<\/td><\/tr><tr><td>Keller Williams Portfolio<\/td><td>416<\/td><\/tr><tr><td>Keller Williams Referred Urban Realty<\/td><td>226 289 416 437 519 548 647 905<\/td><\/tr><tr><td>Les Immeuble Charisma Inc.<\/td><td>450 514<\/td><\/tr><tr><td>M Immobilier<\/td><td>438 450 514<\/td><\/tr><tr><td>NOW Real Estate Group<\/td><td>780<\/td><\/tr><tr><td>Platinum Air Care<\/td><td>226 519 905<\/td><\/tr><tr><td>Portes et Fen\u00eatres Pr\u00e9sident<\/td><td>450 514 819, 418 438 581<\/td><\/tr><tr><td>Proprio Direct inc.<\/td><td>263 354 367 418 438 450 468 514 579 581 819 873<\/td><\/tr><tr><td>RE\/MAX 2000 inc.<\/td><td>438 450 514<\/td><\/tr><tr><td>RE\/MAX 3000 INC<\/td><td>450 514<\/td><\/tr><tr><td>RE\/MAX Acc\u00e8s inc.<\/td><td>418 581<\/td><\/tr><tr><td>Re\/Max Ace Realty Inc;Brokerage<\/td><td>416 905, 416 905<\/td><\/tr><tr><td>Re\/Max Actif inc.<\/td><td>450 514<\/td><\/tr><tr><td>Re\/Max alliance, Ambiance, Pro-Commercial<\/td><td>438 450 514 579<\/td><\/tr><tr><td>RE\/MAX CARE Realty<\/td><td>519<\/td><\/tr><tr><td>RE\/MAX CIT\u00c9 INC.<\/td><td>450 514<\/td><\/tr><tr><td>RE\/MAX City REALTY<\/td><td>604<\/td><\/tr><tr><td>RE\/MAX Community Realty Inc. Brokerage<\/td><td>416 647<\/td><\/tr><tr><td>RE\/MAX Crest &amp; RE\/MAX Masters Realty<\/td><td>236 604 778<\/td><\/tr><tr><td>Re\/max Crossroads Realty Inc.<\/td><td>416 905<\/td><\/tr><tr><td>RE\/MAX Crystal<\/td><td>450, 514<\/td><\/tr><tr><td>Re\/Max D&#039;Abord<\/td><td>514, 514, 450 819<\/td><\/tr><tr><td>RE\/MAX de Francheville Inc.<\/td><td>819<\/td><\/tr><tr><td>RE\/MAX D&#039;ICI<\/td><td>450 514<\/td><\/tr><tr><td>RE\/MAX Distinction<\/td><td>418<\/td><\/tr><tr><td>RE\/MAX DU CARTIER BONJOUR Inc<\/td><td>438 450 514 579 819 873, 438 450 514 579 819 873<\/td><\/tr><tr><td>Re\/Max du Cartier Inc.<\/td><td>438 450 514<\/td><\/tr><tr><td>RE\/MAX Dynamique<\/td><td>514<\/td><\/tr><tr><td>Re\/Max Dynastie<\/td><td>450 514<\/td><\/tr><tr><td>RE\/MAX Escarpment<\/td><td>289 365 905, 289 905<\/td><\/tr><tr><td>Re\/Max Evolution<\/td><td>514<\/td><\/tr><tr><td>Re\/Max Experts<\/td><td>416 647 905<\/td><\/tr><tr><td>RE\/MAX Extra Inc.<\/td><td>450 514 819<\/td><\/tr><tr><td>RE\/MAX Hallmark Realty Group<\/td><td>343 613, 289 416 437 647 705 905<\/td><\/tr><tr><td>RE\/MAX HARMONIE<\/td><td>438 450 514<\/td><\/tr><tr><td>Re\/Max Horizon<\/td><td>418 581<\/td><\/tr><tr><td>Re\/Max Jazz<\/td><td>905<\/td><\/tr><tr><td>Re\/Max Jazz<\/td><td>905<\/td><\/tr><tr><td>RE\/MAX PREMIER INC.<\/td><td>289 416 647 905<\/td><\/tr><tr><td>Re\/Max Prestige<\/td><td>450<\/td><\/tr><tr><td>RE\/MAX Real Estate Centre<\/td><td>226 289 416 519 647 905<\/td><\/tr><tr><td>RE\/MAX Realtron Realty Inc.<\/td><td>416 647 905<\/td><\/tr><tr><td>RE\/MAX Realty Services Inc.<\/td><td>519 905<\/td><\/tr><tr><td>Re\/Max Realty Specialists Inc.<\/td><td>289 365 416 519 647 905<\/td><\/tr><tr><td>re\/max Renaissance<\/td><td>450<\/td><\/tr><tr><td>RE\/MAX Rouge River Realty Ltd, Brokerage<\/td><td>416 705 905<\/td><\/tr><tr><td>RE\/MAX Royal Jordan inc.<\/td><td>438 450 514<\/td><\/tr><tr><td>RE\/MAX Signature<\/td><td>450 514<\/td><\/tr><tr><td>RE\/MAX West Realty Inc.<\/td><td>289 416 647 905<\/td><\/tr><tr><td>Real Broker SK Ltd<\/td><td>306 474 639<\/td><\/tr><tr><td>Regan Irish &amp; Associates<\/td><td>905<\/td><\/tr><tr><td>Remax 2001 Inc.<\/td><td>438 450 514<\/td><\/tr><tr><td>Remax Aboutowne<\/td><td>905<\/td><\/tr><tr><td>ReMax Action Inc<\/td><td>438 450 514<\/td><\/tr><tr><td>REMAX AVANTAGES INC.<\/td><td>418 581<\/td><\/tr><tr><td>Remax Centre City Realty<\/td><td>226 519<\/td><\/tr><tr><td>Remax Distinction<\/td><td>418<\/td><\/tr><tr><td>Remax Excellence Inc.<\/td><td>450 514<\/td><\/tr><tr><td>REMAX HALLMARK REALTY LTD<\/td><td>289 416 437 647 705 905, 343 613<\/td><\/tr><tr><td>Remax Imagine<\/td><td>450, 450<\/td><\/tr><tr><td>REMAX L&#039;Espace<\/td><td>450 514<\/td><\/tr><tr><td>Remax Platine<\/td><td>438, 450 514<\/td><\/tr><tr><td>REMAX Plus inc.<\/td><td>450 514<\/td><\/tr><tr><td>Remax Professionals<\/td><td>416<\/td><\/tr><tr><td>Remax professionnel inc.<\/td><td>819 873, 438 450 514 579<\/td><\/tr><tr><td>remax solutions<\/td><td>438 450 514<\/td><\/tr><tr><td>RIDGE-MEADOWS REALTY LTD<\/td><td>604 778<\/td><\/tr><tr><td>Royal LePage<\/td><td>438 450 514<\/td><\/tr><tr><td>Royal LePage Altitude<\/td><td>418 450 514<\/td><\/tr><tr><td>Royal LePage Blanc &amp; Noir<\/td><td>418 450<\/td><\/tr><tr><td>Royal LePage du Quartier<\/td><td>438 450 514<\/td><\/tr><tr><td>Royal Lepage Estate Realty<\/td><td>416<\/td><\/tr><tr><td>Royal LePage Excellence<\/td><td>450 514<\/td><\/tr><tr><td>Royal Lepage Expert<\/td><td>450<\/td><\/tr><tr><td>Royal Lepage Global<\/td><td>450 514<\/td><\/tr><tr><td>Royal LePage Habitations<\/td><td>450<\/td><\/tr><tr><td>ROYAL LEPAGE HUMANIA<\/td><td>438 450<\/td><\/tr><tr><td>Royal LePage Integrity Realty.<\/td><td>613<\/td><\/tr><tr><td>Royal LePage Inter-Qu\u00e9bec CF<\/td><td>418 581<\/td><\/tr><tr><td>Royal LePage Realty Plus<\/td><td>289 416 905<\/td><\/tr><tr><td>Royal LePage Signature<\/td><td>289 416 437 647 905<\/td><\/tr><tr><td>Royal LePage Tendance<\/td><td>450 514<\/td><\/tr><tr><td>Royal Lepage Terrequity Realty<\/td><td>416 905<\/td><\/tr><tr><td>Royal LePage Your Community Realty<\/td><td>289 416 647 705 905<\/td><\/tr><tr><td>Royale Lepage Distinction<\/td><td>438 450 514<\/td><\/tr><tr><td>Societe Alimentaire MC<\/td><td>418 450 506 514 581 819, 418 450 506 514 581 819, 418 450 506 514 581 819<\/td><\/tr><tr><td>Sutton Group<\/td><td>416 647 905<\/td><\/tr><tr><td>Sutton Group-Admiral Realty Inc.<\/td><td>416 647 905<\/td><\/tr><tr><td>The Market Real Estate Inc.<\/td><td>905, 905<\/td><\/tr><tr><td>The Real Brokerage AB<\/td><td>368 403 587 780 825<\/td><\/tr><tr><td>The Real Brokerage BC<\/td><td>236 250 257 604 672 778<\/td><\/tr><tr><td>The Real Brokerage MB<\/td><td>204 431 584<\/td><\/tr><tr><td>The Real Brokerage ON<\/td><td>226 249 289 343 365 382 416 437 519 548 613 647 683 705 742 753 807 905<\/td><\/tr><tr><td>Vendirect Inc.<\/td><td>438 450 514 819, 579 581, 418<\/td><\/tr><tr><td>Vertdure Thetford Mines<\/td><td>819, 418, 450, 418, 819<\/td><\/tr><tr><td>Via Capital Vision<\/td><td>450 514<\/td><\/tr><tr><td>Via Capitale \u00c9lite<\/td><td>418 581, 418 581<\/td><\/tr><tr><td>Via Capitale Expertise<\/td><td>438 450 514 819<\/td><\/tr><tr><td>via capitalePartenaires<\/td><td>438 450 514 819, 438 450 514 819, 438 450 514 819<\/td><\/tr><\/table>\n<\/div>\n<\/div>\n<\/div>\n","protected":false},"excerpt":{"rendered":"<p>Cette page fournit un rapport en temps r\u00e9el de tous les clients Telelisting ayant un abonnement actif \u00e0 la Liste nationale de num\u00e9ros de t\u00e9l\u00e9communication exclus (LNNTE). La liste ci-dessous est g\u00e9n\u00e9r\u00e9e automatiquement et affiche les clients qui ont t\u00e9l\u00e9charg\u00e9 &hellip; <a href=\"https:\/\/telelisting.net\/fr\/abonnes-actifs-a-la-lnnte\/\">Suite<\/a><\/p>\n","protected":false},"author":1,"featured_media":0,"parent":0,"menu_order":0,"comment_status":"closed","ping_status":"open","template":"page-full.php","meta":{"_monsterinsights_skip_tracking":false,"_monsterinsights_sitenote_active":false,"_monsterinsights_sitenote_note":"","_monsterinsights_sitenote_category":0,"footnotes":""},"class_list":["post-474560","page","type-page","status-publish","hentry"],"_links":{"self":[{"href":"https:\/\/telelisting.net\/fr\/wp-json\/wp\/v2\/pages\/474560","targetHints":{"allow":["GET"]}}],"collection":[{"href":"https:\/\/telelisting.net\/fr\/wp-json\/wp\/v2\/pages"}],"about":[{"href":"https:\/\/telelisting.net\/fr\/wp-json\/wp\/v2\/types\/page"}],"author":[{"embeddable":true,"href":"https:\/\/telelisting.net\/fr\/wp-json\/wp\/v2\/users\/1"}],"replies":[{"embeddable":true,"href":"https:\/\/telelisting.net\/fr\/wp-json\/wp\/v2\/comments?post=474560"}],"version-history":[{"count":4,"href":"https:\/\/telelisting.net\/fr\/wp-json\/wp\/v2\/pages\/474560\/revisions"}],"predecessor-version":[{"id":474566,"href":"https:\/\/telelisting.net\/fr\/wp-json\/wp\/v2\/pages\/474560\/revisions\/474566"}],"wp:attachment":[{"href":"https:\/\/telelisting.net\/fr\/wp-json\/wp\/v2\/media?parent=474560"}],"curies":[{"name":"wp","href":"https:\/\/api.w.org\/{rel}","templated":true}]}}