{"id":470,"date":"2013-10-21T06:19:22","date_gmt":"2013-10-21T11:19:22","guid":{"rendered":"http:\/\/telelisting.us\/?page_id=470"},"modified":"2018-02-12T12:16:00","modified_gmt":"2018-02-12T16:16:00","slug":"accueil","status":"publish","type":"page","link":"https:\/\/telelisting.net\/fr\/","title":{"rendered":"Accueil"},"content":{"rendered":"<div class=\"container content\">\n<div class=\"row\">\n<div class=\"span9\">\n<p>&nbsp;<\/p>\n<h2>Trouvez et g\u00e9rez vos prochains clients avec Telelisting<\/h2>\n<p>&nbsp;<\/p>\n<p>&nbsp;<\/p>\n<p>&nbsp;<\/p>\n<\/div>\n<div class=\"span3\">\n<p class=\"ac\"><a class=\"btn btn-huge btn-success\" style=\"width: 80%;\" href=\"http:\/\/app.telelisting.net\/Buy?lang=fr\"><strong>D\u00e9buter \u2192<\/strong><\/a><\/p>\n<\/div>\n<\/div>\n<hr \/>\n<div id=\"benefits\" class=\"row\">\n<div class=\"span6\">\n<div class=\"row\">\n<div class=\"span1\"><\/div>\n<div class=\"span5\">\n<h3>Annuaire T\u00e9l\u00e9phonique avec Int\u00e9gration de la LNNTE<\/h3>\n<p>Notre Annuaire T\u00e9l\u00e9phonique contient des millions d&rsquo;adresses, incluant un filtre pour votre Liste Nationale des Num\u00e9ros de T\u00e9l\u00e9phone Exclus (LNNTE)<sup>1<\/sup>. \u00a0Vous savez ainsi imm\u00e9diatement qui vous pouvez appeler.<\/p>\n<\/div>\n<\/div>\n<div class=\"row\">\n<div class=\"span1\"><\/div>\n<div class=\"span5\">\n<h3>Des Rappels de Suivis Automatis\u00e9s par Courriel<\/h3>\n<p>Les rappels de suivis automatis\u00e9s vous sont envoy\u00e9s par courriel afin de vous informer quand votre annuaire Telelisting contient des t\u00e2ches \u00e0 faire ou en retard. Soyez inform\u00e9 de vos t\u00e2ches et gardez le contr\u00f4le sur votre prospection.<\/p>\n<\/div>\n<\/div>\n<div class=\"row\">\n<div class=\"span1\"><\/div>\n<div class=\"span5\">\n<h3>Recherches Instantan\u00e9es<\/h3>\n<p>Trouvez vos prospects instantan\u00e9ment gr\u00e2ce \u00e0 notre engin de recherche extr\u00eamement rapide. Nul besoins de conna\u00eetre tous les d\u00e9tails d&rsquo;une adresse ou d&rsquo;un individu. Entrez simplement quelques informations ou crit\u00e8res de recherche. Telelisting vous fournira instantan\u00e9ment tous les adresses et les noms correspondants.<\/p>\n<\/div>\n<\/div>\n<div class=\"row\">\n<div class=\"span1\"><\/div>\n<div class=\"span5\">\n<h3>Recherches par Secteur avec Google Maps<\/h3>\n<p>Promouvez facilement vos services dans un secteur sp\u00e9cifique \u00e0 l&rsquo;int\u00e9rieur duquel vous avez effectu\u00e9 des ventes r\u00e9cemment en utilisant notre mode de recherche Google Maps int\u00e9gr\u00e9. S\u00e9lectionnez simplement un secteur sur la carte et Telelisting vous fournira une liste de maisons situ\u00e9es dans le secteur correspondant. Soyez encore plus pr\u00e9cis en d\u00e9limitant le secteur d\u00e9sir\u00e9 sur la carte.<\/p>\n<p>&nbsp;<\/p>\n<p><span style=\"font-size: 18px; font-weight: bold; line-height: 27px;\">Jamais D\u00e9suet<\/span><\/p>\n<\/div>\n<\/div>\n<div class=\"row\">\n<div class=\"span5\">\n<p>L&rsquo;Annuaire T\u00e9l\u00e9phonique Telelisting est mis \u00e0 jour 4 fois par ann\u00e9e. La LNNTE est mise \u00e0 jour 1 fois par semaine. Ne perdez plus votre temps \u00e0 faire des recherches sur diff\u00e9rentes bases de donn\u00e9es. Maintenant vous pouvez vous concentrer sur ce qui est le plus important: la prospection!<\/p>\n<\/div>\n<\/div>\n<\/div>\n<div class=\"span6\">\n<div class=\"row\">\n<div class=\"span1\"><\/div>\n<div class=\"span5\">\n<h3>Acc\u00e8s Individuel ou de Bureau<\/h3>\n<p>Qu&rsquo;importe si vous avez besoin d&rsquo;un acc\u00e8s individuel ou que vous soyez en t\u00eate d&rsquo;une compagnie avec des centaines employ\u00e9s qui ont besoin d&rsquo;acc\u00e9der \u00e0 l&rsquo;Annuaire T\u00e9l\u00e9phonique Telelisting, nous vous offrons diff\u00e9rents forfaits correspondant \u00e0 vos besoins.<\/p>\n<\/div>\n<\/div>\n<div class=\"row\">\n<div class=\"span1\"><\/div>\n<div class=\"span5\">\n<h3>Int\u00e9gration &#8211; Excel, MojoSells et SalesDialer&#8230;<\/h3>\n<p>Telelisting est l&rsquo;outil parfait pour obtenir une liste de prospects que vous pouvez int\u00e9grer \u00e0 un autre outil de gestion des prospects. Exportez vos listes sur <a href=\"http:\/\/office.microsoft.com\/en-us\/excel\/\" target=\"_blank\" rel=\"noopener\"><strong>Microsoft Excel<\/strong><\/a>,\u00a0<a href=\"http:\/\/www.mojosells.com\/\" target=\"_blank\" rel=\"noopener\"><strong>MojoSells<\/strong><\/a>\u00a0et <strong><a href=\"https:\/\/salesdialers.com\/\">SalesDialer<\/a><\/strong>.<\/p>\n<\/div>\n<\/div>\n<div class=\"row\">\n<div class=\"span6\">\n<div class=\"well\" style=\"margin-top: 20px;\">\n<p><a href=\"\/fr\/trouver-et-gerer-des-prospects-immobiliers\/\"><img decoding=\"async\" src=\"\/wp-content\/assets\/screencast-thumb.jpg\" alt=\"Telelisting USA for Agents\" \/><\/a><\/p>\n<h4 class=\"ac\" style=\"color: #999999; font-size: 13px;\">D\u00e9couvrez comment Telelisting peut aider les sp\u00e9cialistes en t\u00e9l\u00e9marketing<br \/>\n\u00e0 trouver et g\u00e9rer des prospects.<\/h4>\n<\/div>\n<\/div>\n<\/div>\n<\/div>\n<\/div>\n<hr \/>\n<blockquote class=\"big-quote\">\n<h2>J&rsquo;utilise Telelisting depuis les derni\u00e8res ann\u00e9es et il a \u00e9t\u00e9 un excellent outil qui m&rsquo;a aid\u00e9 faire cro\u00eetre mes affaires. Il \u00a0fait toutes les recherches pour moi ce qui consiste en un excellent gain de temps et me permet de me concentrer sur mes ventes.<\/h2>\n<p><small>Joseph Santander, Re\/Max<\/small><\/p><\/blockquote>\n<div class=\"well ac\">\n<h3><a href=\"\/fr\/visite-guidee\/\">Faites la visite guid\u00e9e<\/a>, <a href=\"\/fr\/prix-et-abonnements\">voyez nos tarifs<\/a>\u00a0\u2192<\/h3>\n<\/div>\n<\/div>\n<p><small><br \/>\n<sup>1<\/sup>Requiert une configuration compl\u00e9mentaire et un t\u00e9l\u00e9chargement de votre LNNTE<\/small><\/p>\n","protected":false},"excerpt":{"rendered":"<p>&nbsp; Trouvez et g\u00e9rez vos prochains clients avec Telelisting &nbsp; &nbsp; &nbsp; D\u00e9buter \u2192 Annuaire T\u00e9l\u00e9phonique avec Int\u00e9gration de la LNNTE Notre Annuaire T\u00e9l\u00e9phonique contient des millions d&rsquo;adresses, incluant un filtre pour votre Liste Nationale des Num\u00e9ros de T\u00e9l\u00e9phone Exclus &hellip; <a href=\"https:\/\/telelisting.net\/fr\/\">Suite<\/a><\/p>\n","protected":false},"author":1,"featured_media":0,"parent":0,"menu_order":-1,"comment_status":"open","ping_status":"open","template":"","meta":{"_monsterinsights_skip_tracking":false,"_monsterinsights_sitenote_active":false,"_monsterinsights_sitenote_note":"","_monsterinsights_sitenote_category":0,"footnotes":""},"class_list":["post-470","page","type-page","status-publish","hentry"],"_links":{"self":[{"href":"https:\/\/telelisting.net\/fr\/wp-json\/wp\/v2\/pages\/470","targetHints":{"allow":["GET"]}}],"collection":[{"href":"https:\/\/telelisting.net\/fr\/wp-json\/wp\/v2\/pages"}],"about":[{"href":"https:\/\/telelisting.net\/fr\/wp-json\/wp\/v2\/types\/page"}],"author":[{"embeddable":true,"href":"https:\/\/telelisting.net\/fr\/wp-json\/wp\/v2\/users\/1"}],"replies":[{"embeddable":true,"href":"https:\/\/telelisting.net\/fr\/wp-json\/wp\/v2\/comments?post=470"}],"version-history":[{"count":0,"href":"https:\/\/telelisting.net\/fr\/wp-json\/wp\/v2\/pages\/470\/revisions"}],"wp:attachment":[{"href":"https:\/\/telelisting.net\/fr\/wp-json\/wp\/v2\/media?parent=470"}],"curies":[{"name":"wp","href":"https:\/\/api.w.org\/{rel}","templated":true}]}}