{"id":465305,"date":"2014-08-07T14:51:35","date_gmt":"2014-08-07T18:51:35","guid":{"rendered":"http:\/\/telelisting.net\/dnclsetup-2\/"},"modified":"2018-02-12T12:50:00","modified_gmt":"2018-02-12T16:50:00","slug":"dnclsetup","status":"publish","type":"page","link":"https:\/\/telelisting.net\/fr\/dnclsetup\/","title":{"rendered":"Configuration de votre LNNTE dans Telelisting"},"content":{"rendered":"<div class=\"container content\">\n<div class=\"row\">\n<div class=\"span12\">\n<h2>Site de la Liste Nationale de Num\u00e9ros de T\u00e9l\u00e9communication Exclus: <a href=\"http:\/\/www.lnnte-dncl.gc.ca\">www.lnnte-dncl.gc.ca<\/a><\/h2>\n<p>Afin que Telelisting puisse identifier les num\u00e9ros que vous pouvez ou non appeler dans notre bottin, vous ou votre compagnie \u00eates requis de poss\u00e9der un enregistrement \u00e0 la LNNTE ainsi que d\u2019avoir pay\u00e9 les frais aff\u00e9rent pour acc\u00e9der \u00e0 la liste pour les indicatifs r\u00e9gionaux d\u00e9sir\u00e9s.<\/p>\n<p>Nous vous encourageons fortement \u00e0 vous familiariser avec les r\u00e8gles concernant la Liste nationale de Num\u00e9ro exclu \u00a0<a href=\"https:\/\/www.lnnte-dncl.gc.ca\/ind\/faqs-fra\" target=\"_blank\" rel=\"noopener\">cliqu\u00e9 ici pour plus d\u2019information \u00e0 ce sujet<\/a><\/p>\n<\/div>\n<\/div>\n<hr \/>\n<div class=\"row\">\n<div class=\"span12\">\n<h1>Configuration de la LNNTE dans votre compte Telelisting<\/h1>\n<p>Telelisting peut automatiquement t\u00e9l\u00e9charger et int\u00e9grer votre abonnement \u00e0 la LNNTE dans notre bottin. Ceci vous permettra \u00e0 vous et \u00e0 vos employ\u00e9s de conna\u00eetre en tout temps les num\u00e9ros qu&rsquo;il est possible d&rsquo;appeler. Afin que Telelisting puisse T\u00e9l\u00e9charger votre LNNTE, nous avons besoins de 3 informations provenant de votre abonnement \u00e0 la LNNTE.<\/p>\n<ol>\n<li>Le Num\u00e9ro d\u2019acc\u00e8s d\u2019inscription<\/li>\n<li>Le Num\u00e9ro d\u2019acc\u00e8s d\u2019abonnement<\/li>\n<li>La Cl\u00e9 de t\u00e9l\u00e9chargement<\/li>\n<\/ol>\n<\/div>\n<\/div>\n<hr \/>\n<div class=\"row\">\n<div class=\"span6\">\n<h3>Premi\u00e8rement, Vous devez enregistrer votre compagnie comme T\u00e9l\u00e9vendeur au CRTC<\/h3>\n<p>Vous devez d&rsquo;abord completer cet enregistrement comme t\u00e9l\u00e9vendeur (Ceci est g\u00e9n\u00e9ralement fait par la compagnie pour laquelle\u00a0vous travailler). Vous pouvez effectuer cette \u00e9tape en utilisant le lien suivant pour le site de la LNNTE au CRTC: <a href=\"https:\/\/www.lnnte-dncl.gc.ca\/ind\/insorg-regorg-eng\"> Inscrire votre organisation <\/a><\/p>\n<\/div>\n<\/div>\n<hr \/>\n<div class=\"row\">\n<div class=\"span6\">\n<h3>Ouvrer une session \u00e0 votre compte LNNTE<\/h3>\n<p>Le num\u00e9ro d\u2019acc\u00e8s d\u2019inscription est votre identifiant principal pour le site de la LNNTE. C&rsquo;est le code que vous devez utiliser pour ouvrir une session sur le portail de la LNNTE. Il vous est transmis lors de votre enregistrement comme t\u00e9l\u00e9vendeur.<\/p>\n<p>Lorsque vous avez ce num\u00e9ro d\u2019acc\u00e8s d\u2019inscription en main, ouvrez une session a votre compte de la LNNTE \u00e0 l&rsquo;adresse suivante: <a href=\"http:\/\/www.lnnte-dncl.gc.ca\">www.lnnte-dncl.gc.ca<\/a> et utilisez le menu &lsquo;Acc\u00e9der aux Abonnements&rsquo;.<\/p>\n<\/div>\n<p>&nbsp;<\/p>\n<div class=\"span6\"><img loading=\"lazy\" decoding=\"async\" class=\"alignnone wp-image-473352 size-full\" src=\"http:\/\/telelisting.net\/wp-content\/uploads\/LNNTE1-e1518453445942.png\" alt=\"\" width=\"785\" height=\"363\" \/><\/div>\n<\/div>\n<hr \/>\n<div class=\"row\">\n<div class=\"span6\">\n<h3>Num\u00e9ro d\u2019acc\u00e8s d\u2019abonnement<\/h3>\n<p>C&rsquo;est le num\u00e9ro qui correspond \u00e0 votre abonnement aux code r\u00e9gionaux que vous avez s\u00e9lectionn\u00e9. Notez ce num\u00e9ro.<\/p>\n<\/div>\n<div class=\"span6\"><img loading=\"lazy\" decoding=\"async\" class=\"alignnone wp-image-473354 size-full\" src=\"http:\/\/telelisting.net\/wp-content\/uploads\/LNNTE1234-e1518453760218.png\" alt=\"\" width=\"785\" height=\"303\" \/><\/div>\n<\/div>\n<hr \/>\n<div class=\"row\">\n<div class=\"span6\">\n<h3>La cl\u00e9 de t\u00e9l\u00e9chargement<\/h3>\n<p>La cl\u00e9 de t\u00e9l\u00e9chargement est le code que vous fournissez \u00e0 Telelisting et qui nous permet de t\u00e9l\u00e9charger en votre nom vos abonnements \u00e0 la LNNTE afin de les int\u00e9grer dans votre bottin Telelisting.<\/p>\n<\/div>\n<div class=\"span6\"><img loading=\"lazy\" decoding=\"async\" class=\"alignnone wp-image-473355 size-full\" src=\"http:\/\/telelisting.net\/wp-content\/uploads\/LNNTE12345-e1518453840866.png\" alt=\"\" width=\"785\" height=\"303\" \/><\/div>\n<\/div>\n<hr \/>\n<div class=\"row\">\n<div class=\"span6\">\n<h2>Configuration dans Telelisting<\/h2>\n<p>Lorsque vous avez ces trois informations, ouvrez une session sur le site Telelisting, naviguez vers la configuration de votre compte en cliquant sur votre nom dans la barre de menu au haut de l&rsquo;\u00e9cran et ensuite sur param\u00e8tres.<\/p>\n<p>Compl\u00e9tez les informations dans la section de la LNNTE et appuyez sur &lsquo;Ins\u00e9rer&rsquo;.<\/p>\n<\/div>\n<div class=\"span6\"><img loading=\"lazy\" decoding=\"async\" class=\"alignnone wp-image-473356 size-full\" src=\"http:\/\/telelisting.net\/wp-content\/uploads\/LNNTE123456-e1518454025881.png\" alt=\"\" width=\"785\" height=\"333\" \/><\/div>\n<\/div>\n<\/div>\n","protected":false},"excerpt":{"rendered":"<p>Site de la Liste Nationale de Num\u00e9ros de T\u00e9l\u00e9communication Exclus: www.lnnte-dncl.gc.ca Afin que Telelisting puisse identifier les num\u00e9ros que vous pouvez ou non appeler dans notre bottin, vous ou votre compagnie \u00eates requis de poss\u00e9der un enregistrement \u00e0 la LNNTE &hellip; <a href=\"https:\/\/telelisting.net\/fr\/dnclsetup\/\">Suite<\/a><\/p>\n","protected":false},"author":1,"featured_media":0,"parent":0,"menu_order":0,"comment_status":"closed","ping_status":"open","template":"page-full.php","meta":{"_monsterinsights_skip_tracking":false,"_monsterinsights_sitenote_active":false,"_monsterinsights_sitenote_note":"","_monsterinsights_sitenote_category":0,"footnotes":""},"class_list":["post-465305","page","type-page","status-publish","hentry"],"_links":{"self":[{"href":"https:\/\/telelisting.net\/fr\/wp-json\/wp\/v2\/pages\/465305","targetHints":{"allow":["GET"]}}],"collection":[{"href":"https:\/\/telelisting.net\/fr\/wp-json\/wp\/v2\/pages"}],"about":[{"href":"https:\/\/telelisting.net\/fr\/wp-json\/wp\/v2\/types\/page"}],"author":[{"embeddable":true,"href":"https:\/\/telelisting.net\/fr\/wp-json\/wp\/v2\/users\/1"}],"replies":[{"embeddable":true,"href":"https:\/\/telelisting.net\/fr\/wp-json\/wp\/v2\/comments?post=465305"}],"version-history":[{"count":0,"href":"https:\/\/telelisting.net\/fr\/wp-json\/wp\/v2\/pages\/465305\/revisions"}],"wp:attachment":[{"href":"https:\/\/telelisting.net\/fr\/wp-json\/wp\/v2\/media?parent=465305"}],"curies":[{"name":"wp","href":"https:\/\/api.w.org\/{rel}","templated":true}]}}